{"id":9259,"date":"2024-05-22T20:42:13","date_gmt":"2024-05-22T20:42:13","guid":{"rendered":"https:\/\/pointsofconnection.prismsmalta.com\/partner-autisme-europe-copy-2\/"},"modified":"2024-06-16T12:57:39","modified_gmt":"2024-06-16T12:57:39","slug":"partner-fundacja-imago","status":"publish","type":"page","link":"https:\/\/pointsofconnection.prismsmalta.com\/pt\/partner-fundacja-imago\/","title":{"rendered":"Fundacja Imago"},"content":{"rendered":"<div data-elementor-type=\"wp-post\" data-elementor-id=\"9259\" class=\"elementor elementor-9259\">\n\t\t\t\t\t\t<section class=\"elementor-section elementor-top-section elementor-element elementor-element-2589f6c elementor-section-stretched elementor-section-boxed elementor-section-height-default elementor-section-height-default\" data-id=\"2589f6c\" data-element_type=\"section\" data-e-type=\"section\" data-settings=\"{&quot;stretch_section&quot;:&quot;section-stretched&quot;,&quot;background_background&quot;:&quot;classic&quot;}\">\n\t\t\t\t\t\t<div class=\"elementor-container elementor-column-gap-no\">\n\t\t\t\t\t<div class=\"elementor-column elementor-col-100 elementor-top-column elementor-element elementor-element-3f5f185\" data-id=\"3f5f185\" data-element_type=\"column\" data-e-type=\"column\">\n\t\t\t<div class=\"elementor-widget-wrap elementor-element-populated\">\n\t\t\t\t\t\t<div class=\"elementor-element elementor-element-4aa685b elementor-align-center elementor-widget elementor-widget-heading\" data-id=\"4aa685b\" data-element_type=\"widget\" data-e-type=\"widget\" data-widget_type=\"heading.default\">\n\t\t\t\t<div class=\"elementor-widget-container\">\n\t\t\t\t\t<h2 class=\"elementor-heading-title elementor-size-default\">Parceiro<\/h2>\t\t\t\t<\/div>\n\t\t\t\t<\/div>\n\t\t\t\t<div class=\"elementor-element elementor-element-7c604b8 elementor-widget__width-initial elementor-widget-mobile__width-initial elementor-widget elementor-widget-text-editor\" data-id=\"7c604b8\" data-element_type=\"widget\" data-e-type=\"widget\" data-widget_type=\"text-editor.default\">\n\t\t\t\t<div class=\"elementor-widget-container\">\n\t\t\t\t\t        <div class=\"elementor-text-editor elementor-clearfix\"><p>A Imago Foundation trabalha no dom\u00ednio do apoio de uma vida independente para as pessoas com defici\u00eancia. Realizamos atividades destinadas \u00e0 ativa\u00e7\u00e3o social, educativa e profissional de pessoas de grupos vulner\u00e1veis, incluindo pessoas com defici\u00eancia.<\/p><p>As nossas atividades visam o desenvolvimento e promo\u00e7\u00e3o de servi\u00e7os de assist\u00eancia pessoal e de pausas para descanso dos prestadores de cuidados. Somos promotores de mudan\u00e7as e inova\u00e7\u00f5es no dom\u00ednio das pol\u00edticas sociais que facilitam a vida independente das pessoas com defici\u00eancia e dos prestadores de cuidados. Temos vindo a gerir centros de assist\u00eancia pessoal e de cuidados tempor\u00e1rios em tr\u00eas cidades polacas. Tamb\u00e9m apoiamos o desenvolvimento profissional dos nossos clientes.\u00a0<\/p><p>A Imago Foundation implementou mais de 100 projetos financiados por recursos nacionais ou estrangeiros. Somos membros ativos de federa\u00e7\u00f5es internacionais e nacionais, como a ISBA, a EASPD e a Polish Union of Supported Employment.\u00a0<br \/><br \/>As principais \u00e1reas da nossa atividade incluem:\u00a0<br \/><br \/>- Servi\u00e7os sociais - apoio a pessoas com defici\u00eancia e aos seus cuidadores (a Imago \u00e9 l\u00edder nacional no desenvolvimento de servi\u00e7os de assist\u00eancia pessoal e de descanso, implementando 6 programas de servi\u00e7os nacionais em 2 regi\u00f5es para cerca de 450 pessoas anualmente);\u00a0<br \/><br \/>- Acessibilidade - auditorias, incluindo auditorias com peritos por experi\u00eancia, forma\u00e7\u00f5es, workshops. Apoio ao desenvolvimento de assistentes sociais, administra\u00e7\u00e3o local, ONG\u2019s e institui\u00e7\u00f5es do mercado de trabalho (forma\u00e7\u00f5es, workshops, semin\u00e1rios, confer\u00eancias nacionais e transnacionais)<\/p><\/div>\n        \t\t\t\t<\/div>\n\t\t\t\t<\/div>\n\t\t\t\t<div class=\"elementor-element elementor-element-d31ea42 elementor-widget elementor-widget-image\" data-id=\"d31ea42\" data-element_type=\"widget\" data-e-type=\"widget\" data-widget_type=\"image.default\">\n\t\t\t\t<div class=\"elementor-widget-container\">\n\t\t\t\t\t\t\t\t\t\t\t\t\t\t\t<img decoding=\"async\" width=\"300\" height=\"99\" src=\"https:\/\/pointsofconnection.prismsmalta.com\/wp-content\/uploads\/2024\/05\/imago-1-removebg-preview-300x99.png\" class=\"attachment-medium size-medium wp-image-9273\" alt=\"Fundacja Imago Logo\" srcset=\"https:\/\/pointsofconnection.prismsmalta.com\/wp-content\/uploads\/2024\/05\/imago-1-removebg-preview-300x99.png 300w, https:\/\/pointsofconnection.prismsmalta.com\/wp-content\/uploads\/2024\/05\/imago-1-removebg-preview-768x254.png 768w, https:\/\/pointsofconnection.prismsmalta.com\/wp-content\/uploads\/2024\/05\/imago-1-removebg-preview-18x6.png 18w, https:\/\/pointsofconnection.prismsmalta.com\/wp-content\/uploads\/2024\/05\/imago-1-removebg-preview-400x132.png 400w, https:\/\/pointsofconnection.prismsmalta.com\/wp-content\/uploads\/2024\/05\/imago-1-removebg-preview.png 869w\" sizes=\"(max-width: 300px) 100vw, 300px\" \/>\t\t\t\t\t\t\t\t\t\t\t\t\t\t\t<\/div>\n\t\t\t\t<\/div>\n\t\t\t\t\t<\/div>\n\t\t<\/div>\n\t\t\t\t\t<\/div>\n\t\t<\/section>\n\t\t<div class=\"elementor-element elementor-element-1aeb54f e-grid e-con-boxed e-con e-parent\" data-id=\"1aeb54f\" data-element_type=\"container\" data-e-type=\"container\">\n\t\t\t\t\t<div class=\"e-con-inner\">\n\t\t\t\t<div class=\"elementor-element elementor-element-e093b86 elementor-widget elementor-widget-image\" data-id=\"e093b86\" data-element_type=\"widget\" data-e-type=\"widget\" data-widget_type=\"image.default\">\n\t\t\t\t<div class=\"elementor-widget-container\">\n\t\t\t\t\t\t\t\t\t\t\t\t\t\t\t<img fetchpriority=\"high\" decoding=\"async\" width=\"850\" height=\"580\" src=\"https:\/\/pointsofconnection.prismsmalta.com\/wp-content\/uploads\/2024\/05\/imago-photo2-850x580.jpg\" class=\"attachment-gainlove-featured-image-large size-gainlove-featured-image-large wp-image-9294\" alt=\"Fundancja Imago Photo\" srcset=\"https:\/\/pointsofconnection.prismsmalta.com\/wp-content\/uploads\/2024\/05\/imago-photo2-850x580.jpg 850w, https:\/\/pointsofconnection.prismsmalta.com\/wp-content\/uploads\/2024\/05\/imago-photo2-18x12.jpg 18w\" sizes=\"(max-width: 850px) 100vw, 850px\" \/>\t\t\t\t\t\t\t\t\t\t\t\t\t\t\t<\/div>\n\t\t\t\t<\/div>\n\t\t\t\t<div class=\"elementor-element elementor-element-c5cdc01 elementor-widget elementor-widget-image\" data-id=\"c5cdc01\" data-element_type=\"widget\" data-e-type=\"widget\" data-widget_type=\"image.default\">\n\t\t\t\t<div class=\"elementor-widget-container\">\n\t\t\t\t\t\t\t\t\t\t\t\t\t\t\t<img decoding=\"async\" width=\"850\" height=\"580\" src=\"https:\/\/pointsofconnection.prismsmalta.com\/wp-content\/uploads\/2024\/05\/imago-photo1-850x580.jpg\" class=\"attachment-gainlove-featured-image-large size-gainlove-featured-image-large wp-image-9292\" alt=\"Fundancja Imago Photo\" srcset=\"https:\/\/pointsofconnection.prismsmalta.com\/wp-content\/uploads\/2024\/05\/imago-photo1-850x580.jpg 850w, https:\/\/pointsofconnection.prismsmalta.com\/wp-content\/uploads\/2024\/05\/imago-photo1-18x12.jpg 18w\" sizes=\"(max-width: 850px) 100vw, 850px\" \/>\t\t\t\t\t\t\t\t\t\t\t\t\t\t\t<\/div>\n\t\t\t\t<\/div>\n\t\t\t\t\t<\/div>\n\t\t\t\t<\/div>\n\t\t\t\t<section class=\"elementor-section elementor-top-section elementor-element elementor-element-ba5bcb9 elementor-section-stretched elementor-section-boxed elementor-section-height-default elementor-section-height-default\" data-id=\"ba5bcb9\" data-element_type=\"section\" data-e-type=\"section\" data-settings=\"{&quot;stretch_section&quot;:&quot;section-stretched&quot;}\">\n\t\t\t\t\t\t<div class=\"elementor-container elementor-column-gap-no\">\n\t\t\t\t\t<div class=\"elementor-column elementor-col-100 elementor-top-column elementor-element elementor-element-9ee64b9\" data-id=\"9ee64b9\" data-element_type=\"column\" data-e-type=\"column\" data-settings=\"{&quot;background_background&quot;:&quot;classic&quot;}\">\n\t\t\t<div class=\"elementor-widget-wrap elementor-element-populated\">\n\t\t\t\t\t\t<section class=\"elementor-section elementor-inner-section elementor-element elementor-element-5cdebcf elementor-section-height-min-height elementor-section-content-middle elementor-section-boxed elementor-section-height-default\" data-id=\"5cdebcf\" data-element_type=\"section\" data-e-type=\"section\">\n\t\t\t\t\t\t<div class=\"elementor-container elementor-column-gap-no\">\n\t\t\t\t\t<div class=\"elementor-column elementor-col-50 elementor-inner-column elementor-element elementor-element-383e2ff\" data-id=\"383e2ff\" data-element_type=\"column\" data-e-type=\"column\">\n\t\t\t<div class=\"elementor-widget-wrap elementor-element-populated\">\n\t\t\t\t\t\t<div class=\"elementor-element elementor-element-f981ed3 elementor-align-left elementor-tablet-align-center elementor-widget elementor-widget-heading\" data-id=\"f981ed3\" data-element_type=\"widget\" data-e-type=\"widget\" data-widget_type=\"heading.default\">\n\t\t\t\t<div class=\"elementor-widget-container\">\n\t\t\t\t\t<h2 class=\"elementor-heading-title elementor-size-default\">\u201cA coisa mais importante na comunica\u00e7\u00e3o \u00e9 ouvir o que n\u00e3o \u00e9 dito.\u201d - Peter Drucker\n<\/h2>\t\t\t\t<\/div>\n\t\t\t\t<\/div>\n\t\t\t\t\t<\/div>\n\t\t<\/div>\n\t\t\t\t<div class=\"elementor-column elementor-col-50 elementor-inner-column elementor-element elementor-element-03a8a18\" data-id=\"03a8a18\" data-element_type=\"column\" data-e-type=\"column\">\n\t\t\t<div class=\"elementor-widget-wrap elementor-element-populated\">\n\t\t\t\t\t\t<div class=\"elementor-element elementor-element-14b3a30 elementor-align-right elementor-tablet-align-center elementor-mobile-align-center elementor-widget-mobile__width-auto elementor-button-primary elementor-widget elementor-widget-button\" data-id=\"14b3a30\" data-element_type=\"widget\" data-e-type=\"widget\" data-widget_type=\"button.default\">\n\t\t\t\t<div class=\"elementor-widget-container\">\n\t\t\t\t\t        <div class=\"elementor-button-wrapper\">\n            <a href=\"https:\/\/pointsofconnection.prismsmalta.com\/pt\/contact-us\/\" class=\"elementor-button-link elementor-button elementor-size-lg\" role=\"button\">\n                        <span class=\"elementor-button-content-wrapper\">\n\t\t\t                <span class=\"elementor-button-icon elementor-align-icon-left\">\n\t\t\t\t<i class=\"fa fa-arrow-circle-o-right\" aria-hidden=\"true\"><\/i>\n\t\t\t<\/span>\n                        <span class=\"elementor-button-text\">Contacta-nos<\/span>\n\t\t<\/span>\n\n\n                <\/a>\n        <\/div>\n        \t\t\t\t<\/div>\n\t\t\t\t<\/div>\n\t\t\t\t\t<\/div>\n\t\t<\/div>\n\t\t\t\t\t<\/div>\n\t\t<\/section>\n\t\t\t\t\t<\/div>\n\t\t<\/div>\n\t\t\t\t\t<\/div>\n\t\t<\/section>\n\t\t\t\t<\/div>\n\t\t<div class=\"gsp_post_data\" \r\n\t            data-post_type=\"page\" \r\n\t            data-cat=\"\" \r\n\t            data-modified=\"120\"\r\n\t            data-created=\"1716410533\"\r\n\t            data-title=\"Fundacja Imago\" \r\n\t            data-home=\"https:\/\/pointsofconnection.prismsmalta.com\/pt\"><\/div>","protected":false},"excerpt":{"rendered":"<p>PARTNER Imago Foundation works in the area of supporting the idea of independent life for people with disabilities. We perform activities aimed at social, educational and professional activation of people from vulnerable groups including people with disabilities. Our activities are aimed at the development and promotion of personal assistant services and respite breaks for carers. [&hellip;]<\/p>\n","protected":false},"author":1,"featured_media":0,"parent":0,"menu_order":0,"comment_status":"closed","ping_status":"closed","template":"page-elementor.php","meta":{"give_campaign_id":0,"inline_featured_image":false,"_monsterinsights_skip_tracking":false,"_monsterinsights_sitenote_active":false,"_monsterinsights_sitenote_note":"","_monsterinsights_sitenote_category":0,"footnotes":""},"class_list":["post-9259","page","type-page","status-publish","hentry"],"campaignId":"","_links":{"self":[{"href":"https:\/\/pointsofconnection.prismsmalta.com\/pt\/wp-json\/wp\/v2\/pages\/9259","targetHints":{"allow":["GET"]}}],"collection":[{"href":"https:\/\/pointsofconnection.prismsmalta.com\/pt\/wp-json\/wp\/v2\/pages"}],"about":[{"href":"https:\/\/pointsofconnection.prismsmalta.com\/pt\/wp-json\/wp\/v2\/types\/page"}],"author":[{"embeddable":true,"href":"https:\/\/pointsofconnection.prismsmalta.com\/pt\/wp-json\/wp\/v2\/users\/1"}],"replies":[{"embeddable":true,"href":"https:\/\/pointsofconnection.prismsmalta.com\/pt\/wp-json\/wp\/v2\/comments?post=9259"}],"version-history":[{"count":13,"href":"https:\/\/pointsofconnection.prismsmalta.com\/pt\/wp-json\/wp\/v2\/pages\/9259\/revisions"}],"predecessor-version":[{"id":9365,"href":"https:\/\/pointsofconnection.prismsmalta.com\/pt\/wp-json\/wp\/v2\/pages\/9259\/revisions\/9365"}],"wp:attachment":[{"href":"https:\/\/pointsofconnection.prismsmalta.com\/pt\/wp-json\/wp\/v2\/media?parent=9259"}],"curies":[{"name":"wp","href":"https:\/\/api.w.org\/{rel}","templated":true}]}}