{"id":9185,"date":"2024-05-01T15:42:18","date_gmt":"2024-05-01T15:42:18","guid":{"rendered":"https:\/\/pointsofconnection.prismsmalta.com\/partner-prisms-copy\/"},"modified":"2024-06-16T12:57:44","modified_gmt":"2024-06-16T12:57:44","slug":"partner-ploes","status":"publish","type":"page","link":"https:\/\/pointsofconnection.prismsmalta.com\/pt\/partner-ploes\/","title":{"rendered":"PLOES"},"content":{"rendered":"<div data-elementor-type=\"wp-post\" data-elementor-id=\"9185\" class=\"elementor elementor-9185\">\n\t\t\t\t\t\t<section class=\"elementor-section elementor-top-section elementor-element elementor-element-2589f6c elementor-section-stretched elementor-section-boxed elementor-section-height-default elementor-section-height-default\" data-id=\"2589f6c\" data-element_type=\"section\" data-e-type=\"section\" data-settings=\"{&quot;stretch_section&quot;:&quot;section-stretched&quot;,&quot;background_background&quot;:&quot;classic&quot;}\">\n\t\t\t\t\t\t<div class=\"elementor-container elementor-column-gap-no\">\n\t\t\t\t\t<div class=\"elementor-column elementor-col-100 elementor-top-column elementor-element elementor-element-3f5f185\" data-id=\"3f5f185\" data-element_type=\"column\" data-e-type=\"column\">\n\t\t\t<div class=\"elementor-widget-wrap elementor-element-populated\">\n\t\t\t\t\t\t<div class=\"elementor-element elementor-element-4aa685b elementor-align-center elementor-widget elementor-widget-heading\" data-id=\"4aa685b\" data-element_type=\"widget\" data-e-type=\"widget\" data-widget_type=\"heading.default\">\n\t\t\t\t<div class=\"elementor-widget-container\">\n\t\t\t\t\t<h2 class=\"elementor-heading-title elementor-size-default\"><h2 class=\"elementor-heading-title elementor-size-default elementor-inline-editing pen\" data-elementor-setting-key=\"title\" data-pen-placeholder=\"Type Here...\" style=\"letter-spacing: normal;\">Parceiro<\/h2><\/h2>\t\t\t\t<\/div>\n\t\t\t\t<\/div>\n\t\t\t\t<div class=\"elementor-element elementor-element-7c604b8 elementor-widget__width-initial elementor-widget-mobile__width-initial elementor-widget elementor-widget-text-editor\" data-id=\"7c604b8\" data-element_type=\"widget\" data-e-type=\"widget\" data-widget_type=\"text-editor.default\">\n\t\t\t\t<div class=\"elementor-widget-container\">\n\t\t\t\t\t        <div class=\"elementor-text-editor elementor-clearfix\"><p class=\"translation-block\">A Ploes E.Psy.Me. (Organiza\u00e7\u00e3o de Investiga\u00e7\u00e3o Psicossocial) \u00e9 uma organiza\u00e7\u00e3o n\u00e3o governamental, fundada em 1998, por profissionais de sa\u00fade mental de diferentes setores cient\u00edficos e \u00e1reas de forma\u00e7\u00e3o. Atualmente, mais de 100 pessoas trabalham em todos os seus projetos. Profissionais de sa\u00fade mental, assistentes sociais, terapeutas ocupacionais e terapeutas da fala, profissionais da educa\u00e7\u00e3o especial, pedopsiquiatras, psic\u00f3logos, est\u00e3o sob a al\u00e7ada do \u201cPloes\u201d E.Psy.Me . Os projetos e servi\u00e7os em curso destinam-se a cidad\u00e3os com perturba\u00e7\u00f5es do espetro do autismo, defici\u00eancias mentais e psiqui\u00e1tricas, no ambiente urbano do Piraeus e sub\u00farbios circundantes (regi\u00e3o da \u00c1tica).<\/p><p>Ploes\u201d E.Psy.Me . est\u00e1 empenhada em combater a exclus\u00e3o social, melhorando o bem-estar social e mental dos utilizadores dos servi\u00e7os. Os nossos servi\u00e7os baseiam-se nos princ\u00edpios da psiquiatria social, que considera as defici\u00eancias mentais como um fen\u00f3meno de fatores m\u00faltiplos e complexos. Acreditamos firmemente que as consequ\u00eancias negativas atuais e futuras podem ser limitadas atrav\u00e9s da utiliza\u00e7\u00e3o de m\u00e9todos cient\u00edficos de preven\u00e7\u00e3o e interven\u00e7\u00e3o constantes, adequados e eficazes. Os princ\u00edpios fundamentais de todos os nossos servi\u00e7os e planos de a\u00e7\u00e3o derivam desta abordagem.<\/p><p>Os servi\u00e7os da Ploes E.Psy.Me incluem:<\/p><ul><li>Centro de dia para tratamento de crian\u00e7as com perturba\u00e7\u00f5es do espetro do autismo.<\/li><li>Centro Especializado de Forma\u00e7\u00e3o Profissional para pessoas adultas com defici\u00eancia.<\/li><li>Unidades de Diagn\u00f3stico e Terap\u00eautica para a preven\u00e7\u00e3o e reabilita\u00e7\u00e3o psicossocial da popula\u00e7\u00e3o infantil e adulta.<\/li><li>Clube Social \u201cSchedia\u201d para pessoas com defici\u00eancia intelectual.<\/li><li>Forma\u00e7\u00e3o profissional em sa\u00fade mental \u201cKatarti\u201d, oferece cursos de forma\u00e7\u00e3o e semin\u00e1rios em dom\u00ednios espec\u00edficos dos servi\u00e7os de sa\u00fade mental por formadores certificados, tanto para profissionais como para a popula\u00e7\u00e3o em geral e para pessoas com necessidades especiais.<\/li><li class=\"translation-block\">Centro de dia para adolescentes e adultos com perturba\u00e7\u00f5es do espetro do autismo<\/li><li>\u201cOstria\u201d Pens\u00e3o para adultos com defici\u00eancias de desenvolvimento e intelectuais.<\/li><li>Casa de acolhimento para adolescentes com dificuldades psicossociais.<\/li><li>Investiga\u00e7\u00e3o, Desenvolvimento &amp; Departamento de Projectos Europeus.<\/li><\/ul><\/div>\n        \t\t\t\t<\/div>\n\t\t\t\t<\/div>\n\t\t\t\t\t<\/div>\n\t\t<\/div>\n\t\t\t\t\t<\/div>\n\t\t<\/section>\n\t\t<div class=\"elementor-element elementor-element-1aeb54f e-grid e-con-boxed e-con e-parent\" data-id=\"1aeb54f\" data-element_type=\"container\" data-e-type=\"container\">\n\t\t\t\t\t<div class=\"e-con-inner\">\n\t\t\t\t<div class=\"elementor-element elementor-element-e6973f5 elementor-widget elementor-widget-image\" data-id=\"e6973f5\" data-element_type=\"widget\" data-e-type=\"widget\" data-widget_type=\"image.default\">\n\t\t\t\t<div class=\"elementor-widget-container\">\n\t\t\t\t\t\t\t\t\t\t\t\t\t\t\t<img fetchpriority=\"high\" decoding=\"async\" width=\"300\" height=\"300\" src=\"https:\/\/pointsofconnection.prismsmalta.com\/wp-content\/uploads\/2024\/05\/PLOES_EN_LOGO-with-slogan-300x300.png\" class=\"attachment-medium size-medium wp-image-9215\" alt=\"Ploes Logo\" srcset=\"https:\/\/pointsofconnection.prismsmalta.com\/wp-content\/uploads\/2024\/05\/PLOES_EN_LOGO-with-slogan-300x300.png 300w, https:\/\/pointsofconnection.prismsmalta.com\/wp-content\/uploads\/2024\/05\/PLOES_EN_LOGO-with-slogan-1024x1024.png 1024w, https:\/\/pointsofconnection.prismsmalta.com\/wp-content\/uploads\/2024\/05\/PLOES_EN_LOGO-with-slogan-150x150.png 150w, https:\/\/pointsofconnection.prismsmalta.com\/wp-content\/uploads\/2024\/05\/PLOES_EN_LOGO-with-slogan-768x768.png 768w, https:\/\/pointsofconnection.prismsmalta.com\/wp-content\/uploads\/2024\/05\/PLOES_EN_LOGO-with-slogan-12x12.png 12w, https:\/\/pointsofconnection.prismsmalta.com\/wp-content\/uploads\/2024\/05\/PLOES_EN_LOGO-with-slogan-400x400.png 400w, https:\/\/pointsofconnection.prismsmalta.com\/wp-content\/uploads\/2024\/05\/PLOES_EN_LOGO-with-slogan-160x160.png 160w, https:\/\/pointsofconnection.prismsmalta.com\/wp-content\/uploads\/2024\/05\/PLOES_EN_LOGO-with-slogan-100x100.png 100w, https:\/\/pointsofconnection.prismsmalta.com\/wp-content\/uploads\/2024\/05\/PLOES_EN_LOGO-with-slogan.png 1181w\" sizes=\"(max-width: 300px) 100vw, 300px\" \/>\t\t\t\t\t\t\t\t\t\t\t\t\t\t\t<\/div>\n\t\t\t\t<\/div>\n\t\t\t\t<div class=\"elementor-element elementor-element-e093b86 elementor-widget elementor-widget-image\" data-id=\"e093b86\" data-element_type=\"widget\" data-e-type=\"widget\" data-widget_type=\"image.default\">\n\t\t\t\t<div class=\"elementor-widget-container\">\n\t\t\t\t\t\t\t\t\t\t\t\t\t\t\t<img decoding=\"async\" width=\"850\" height=\"580\" src=\"https:\/\/pointsofconnection.prismsmalta.com\/wp-content\/uploads\/2024\/05\/IMG_20240525_130219-850x580.jpg\" class=\"attachment-gainlove-featured-image-large size-gainlove-featured-image-large wp-image-9284\" alt=\"Ploes Photo\" srcset=\"https:\/\/pointsofconnection.prismsmalta.com\/wp-content\/uploads\/2024\/05\/IMG_20240525_130219-850x580.jpg 850w, https:\/\/pointsofconnection.prismsmalta.com\/wp-content\/uploads\/2024\/05\/IMG_20240525_130219-18x12.jpg 18w\" sizes=\"(max-width: 850px) 100vw, 850px\" \/>\t\t\t\t\t\t\t\t\t\t\t\t\t\t\t<\/div>\n\t\t\t\t<\/div>\n\t\t\t\t\t<\/div>\n\t\t\t\t<\/div>\n\t\t\t\t<section class=\"elementor-section elementor-top-section elementor-element elementor-element-ba5bcb9 elementor-section-stretched elementor-section-boxed elementor-section-height-default elementor-section-height-default\" data-id=\"ba5bcb9\" data-element_type=\"section\" data-e-type=\"section\" data-settings=\"{&quot;stretch_section&quot;:&quot;section-stretched&quot;}\">\n\t\t\t\t\t\t<div class=\"elementor-container elementor-column-gap-no\">\n\t\t\t\t\t<div class=\"elementor-column elementor-col-100 elementor-top-column elementor-element elementor-element-9ee64b9\" data-id=\"9ee64b9\" data-element_type=\"column\" data-e-type=\"column\" data-settings=\"{&quot;background_background&quot;:&quot;classic&quot;}\">\n\t\t\t<div class=\"elementor-widget-wrap elementor-element-populated\">\n\t\t\t\t\t\t<section class=\"elementor-section elementor-inner-section elementor-element elementor-element-5cdebcf elementor-section-height-min-height elementor-section-content-middle elementor-section-boxed elementor-section-height-default\" data-id=\"5cdebcf\" data-element_type=\"section\" data-e-type=\"section\">\n\t\t\t\t\t\t<div class=\"elementor-container elementor-column-gap-no\">\n\t\t\t\t\t<div class=\"elementor-column elementor-col-50 elementor-inner-column elementor-element elementor-element-383e2ff\" data-id=\"383e2ff\" data-element_type=\"column\" data-e-type=\"column\">\n\t\t\t<div class=\"elementor-widget-wrap elementor-element-populated\">\n\t\t\t\t\t\t<div class=\"elementor-element elementor-element-f981ed3 elementor-align-left elementor-tablet-align-center elementor-widget elementor-widget-heading\" data-id=\"f981ed3\" data-element_type=\"widget\" data-e-type=\"widget\" data-widget_type=\"heading.default\">\n\t\t\t\t<div class=\"elementor-widget-container\">\n\t\t\t\t\t<h2 class=\"elementor-heading-title elementor-size-default\">\u201cA coisa mais importante na comunica\u00e7\u00e3o \u00e9 ouvir o que n\u00e3o \u00e9 dito.\u201d - Peter Drucker\n<\/h2>\t\t\t\t<\/div>\n\t\t\t\t<\/div>\n\t\t\t\t\t<\/div>\n\t\t<\/div>\n\t\t\t\t<div class=\"elementor-column elementor-col-50 elementor-inner-column elementor-element elementor-element-03a8a18\" data-id=\"03a8a18\" data-element_type=\"column\" data-e-type=\"column\">\n\t\t\t<div class=\"elementor-widget-wrap elementor-element-populated\">\n\t\t\t\t\t\t<div class=\"elementor-element elementor-element-14b3a30 elementor-align-right elementor-tablet-align-center elementor-mobile-align-center elementor-widget-mobile__width-auto elementor-button-primary elementor-widget elementor-widget-button\" data-id=\"14b3a30\" data-element_type=\"widget\" data-e-type=\"widget\" data-widget_type=\"button.default\">\n\t\t\t\t<div class=\"elementor-widget-container\">\n\t\t\t\t\t        <div class=\"elementor-button-wrapper\">\n            <a href=\"https:\/\/pointsofconnection.prismsmalta.com\/pt\/contact-us\/\" class=\"elementor-button-link elementor-button elementor-size-lg\" role=\"button\">\n                        <span class=\"elementor-button-content-wrapper\">\n\t\t\t                <span class=\"elementor-button-icon elementor-align-icon-left\">\n\t\t\t\t<i class=\"fa fa-arrow-circle-o-right\" aria-hidden=\"true\"><\/i>\n\t\t\t<\/span>\n                        <span class=\"elementor-button-text\">Contacta-nos<\/span>\n\t\t<\/span>\n\n\n                <\/a>\n        <\/div>\n        \t\t\t\t<\/div>\n\t\t\t\t<\/div>\n\t\t\t\t\t<\/div>\n\t\t<\/div>\n\t\t\t\t\t<\/div>\n\t\t<\/section>\n\t\t\t\t\t<\/div>\n\t\t<\/div>\n\t\t\t\t\t<\/div>\n\t\t<\/section>\n\t\t\t\t<\/div>\n\t\t<div class=\"gsp_post_data\" \r\n\t            data-post_type=\"page\" \r\n\t            data-cat=\"\" \r\n\t            data-modified=\"120\"\r\n\t            data-created=\"1714578138\"\r\n\t            data-title=\"PLOES\" \r\n\t            data-home=\"https:\/\/pointsofconnection.prismsmalta.com\/pt\"><\/div>","protected":false},"excerpt":{"rendered":"<p>PARTNER &#8220;Ploes&#8221;\u00a0 E.Psy.Me . (Psycho-Social Research Organization) is a Non-Governmental Organization, founded in 1998, by mental health professionals from different scientific sectors and training fields. Now, more than 100 people are employed in all of its projects. Mental health professionals, social workers, occupational and speechtherapists, special education professionals, child psychiatrists, psychologists, are under the umbrella [&hellip;]<\/p>\n","protected":false},"author":1,"featured_media":0,"parent":0,"menu_order":0,"comment_status":"closed","ping_status":"closed","template":"page-elementor.php","meta":{"give_campaign_id":0,"inline_featured_image":false,"_monsterinsights_skip_tracking":false,"_monsterinsights_sitenote_active":false,"_monsterinsights_sitenote_note":"","_monsterinsights_sitenote_category":0,"footnotes":""},"class_list":["post-9185","page","type-page","status-publish","hentry"],"campaignId":"","_links":{"self":[{"href":"https:\/\/pointsofconnection.prismsmalta.com\/pt\/wp-json\/wp\/v2\/pages\/9185","targetHints":{"allow":["GET"]}}],"collection":[{"href":"https:\/\/pointsofconnection.prismsmalta.com\/pt\/wp-json\/wp\/v2\/pages"}],"about":[{"href":"https:\/\/pointsofconnection.prismsmalta.com\/pt\/wp-json\/wp\/v2\/types\/page"}],"author":[{"embeddable":true,"href":"https:\/\/pointsofconnection.prismsmalta.com\/pt\/wp-json\/wp\/v2\/users\/1"}],"replies":[{"embeddable":true,"href":"https:\/\/pointsofconnection.prismsmalta.com\/pt\/wp-json\/wp\/v2\/comments?post=9185"}],"version-history":[{"count":16,"href":"https:\/\/pointsofconnection.prismsmalta.com\/pt\/wp-json\/wp\/v2\/pages\/9185\/revisions"}],"predecessor-version":[{"id":9368,"href":"https:\/\/pointsofconnection.prismsmalta.com\/pt\/wp-json\/wp\/v2\/pages\/9185\/revisions\/9368"}],"wp:attachment":[{"href":"https:\/\/pointsofconnection.prismsmalta.com\/pt\/wp-json\/wp\/v2\/media?parent=9185"}],"curies":[{"name":"wp","href":"https:\/\/api.w.org\/{rel}","templated":true}]}}