{"id":9183,"date":"2024-05-01T15:41:49","date_gmt":"2024-05-01T15:41:49","guid":{"rendered":"https:\/\/pointsofconnection.prismsmalta.com\/partner-prisms-copy\/"},"modified":"2024-06-16T12:57:31","modified_gmt":"2024-06-16T12:57:31","slug":"partner-federacio-catalana","status":"publish","type":"page","link":"https:\/\/pointsofconnection.prismsmalta.com\/pt\/partner-federacio-catalana\/","title":{"rendered":"Federaci\u00f3 Catalana d\u2019Autisme"},"content":{"rendered":"<div data-elementor-type=\"wp-post\" data-elementor-id=\"9183\" class=\"elementor elementor-9183\">\n\t\t\t\t\t\t<section class=\"elementor-section elementor-top-section elementor-element elementor-element-2589f6c elementor-section-stretched elementor-section-boxed elementor-section-height-default elementor-section-height-default\" data-id=\"2589f6c\" data-element_type=\"section\" data-e-type=\"section\" data-settings=\"{&quot;stretch_section&quot;:&quot;section-stretched&quot;,&quot;background_background&quot;:&quot;classic&quot;}\">\n\t\t\t\t\t\t<div class=\"elementor-container elementor-column-gap-no\">\n\t\t\t\t\t<div class=\"elementor-column elementor-col-100 elementor-top-column elementor-element elementor-element-3f5f185\" data-id=\"3f5f185\" data-element_type=\"column\" data-e-type=\"column\">\n\t\t\t<div class=\"elementor-widget-wrap elementor-element-populated\">\n\t\t\t\t\t\t<div class=\"elementor-element elementor-element-4aa685b elementor-align-center elementor-widget elementor-widget-heading\" data-id=\"4aa685b\" data-element_type=\"widget\" data-e-type=\"widget\" data-widget_type=\"heading.default\">\n\t\t\t\t<div class=\"elementor-widget-container\">\n\t\t\t\t\t<h2 class=\"elementor-heading-title elementor-size-default\">Parceiro<\/h2>\t\t\t\t<\/div>\n\t\t\t\t<\/div>\n\t\t\t\t<div class=\"elementor-element elementor-element-7c604b8 elementor-widget__width-initial elementor-widget-mobile__width-initial elementor-widget elementor-widget-text-editor\" data-id=\"7c604b8\" data-element_type=\"widget\" data-e-type=\"widget\" data-widget_type=\"text-editor.default\">\n\t\t\t\t<div class=\"elementor-widget-container\">\n\t\t\t\t\t        <div class=\"elementor-text-editor elementor-clearfix\"><p>A Federa\u00e7\u00e3o Catal\u00e3 de Autismo (Federaci\u00f3 Catalana d'Autisme) nasceu em 2009 para defender os direitos das pessoas autistas e das suas fam\u00edlias. O objetivo da Federa\u00e7\u00e3o \u00e9 capacitar, formar e apoiar entidades criadas por e para pessoas autistas e suas fam\u00edlias em tudo o que necessitam; representar a comunidade no campo pol\u00edtico e social; e sensibilizar e criar sinergias com a sociedade, a fim de garantir o cumprimento dos direitos das pessoas com autismo.<br \/>\u00a0<br \/>A Federa\u00e7\u00e3o tem como objetivo defender uma sociedade diversa mas igual em direitos. O autismo \u00e9 uma condi\u00e7\u00e3o presente em todos os dom\u00ednios da vida de uma pessoa. A nossa a\u00e7\u00e3o centra-se na cria\u00e7\u00e3o e consolida\u00e7\u00e3o de espa\u00e7os de participa\u00e7\u00e3o comunit\u00e1ria em todos os setores: escola, cidades, cultura, trabalho, ensino superior, sa\u00fade, acesso \u00e0 justi\u00e7a, g\u00e9nero, natureza, lazer, etc.<br \/>\u00a0<br \/>A Federa\u00e7\u00e3o tornou-se, nos \u00faltimos anos, a entidade de refer\u00eancia de uma grande parte dos grupos autistas e o interlocutor da administra\u00e7\u00e3o em diferentes espa\u00e7os e projetos. Atualmente, a Federa\u00e7\u00e3o representa 44 entidades de toda a Catalunha, \u00e0s quais oferece v\u00e1rios servi\u00e7os, tais como representa\u00e7\u00e3o institucional; apoio jur\u00eddico; apoio em projetos locais, regionais, nacionais e europeus; conselhos de assist\u00eancia pessoal e apoio \u00e0 comunica\u00e7\u00e3o.<\/p><\/div>\n        \t\t\t\t<\/div>\n\t\t\t\t<\/div>\n\t\t\t\t\t<\/div>\n\t\t<\/div>\n\t\t\t\t\t<\/div>\n\t\t<\/section>\n\t\t<div class=\"elementor-element elementor-element-1aeb54f e-grid e-con-boxed e-con e-parent\" data-id=\"1aeb54f\" data-element_type=\"container\" data-e-type=\"container\">\n\t\t\t\t\t<div class=\"e-con-inner\">\n\t\t\t\t<div class=\"elementor-element elementor-element-71661ce elementor-widget elementor-widget-image\" data-id=\"71661ce\" data-element_type=\"widget\" data-e-type=\"widget\" data-widget_type=\"image.default\">\n\t\t\t\t<div class=\"elementor-widget-container\">\n\t\t\t\t\t\t\t\t\t\t\t\t\t\t\t<img decoding=\"async\" width=\"300\" height=\"153\" src=\"https:\/\/pointsofconnection.prismsmalta.com\/wp-content\/uploads\/2024\/05\/logo_FCA_2021-2L-vert-300x153.png\" class=\"attachment-medium size-medium wp-image-9298\" alt=\"Federacia Catalana Logo\" srcset=\"https:\/\/pointsofconnection.prismsmalta.com\/wp-content\/uploads\/2024\/05\/logo_FCA_2021-2L-vert-300x153.png 300w, https:\/\/pointsofconnection.prismsmalta.com\/wp-content\/uploads\/2024\/05\/logo_FCA_2021-2L-vert-18x9.png 18w, https:\/\/pointsofconnection.prismsmalta.com\/wp-content\/uploads\/2024\/05\/logo_FCA_2021-2L-vert-400x204.png 400w, https:\/\/pointsofconnection.prismsmalta.com\/wp-content\/uploads\/2024\/05\/logo_FCA_2021-2L-vert.png 429w\" sizes=\"(max-width: 300px) 100vw, 300px\" \/>\t\t\t\t\t\t\t\t\t\t\t\t\t\t\t<\/div>\n\t\t\t\t<\/div>\n\t\t\t\t<div class=\"elementor-element elementor-element-e093b86 elementor-widget elementor-widget-image\" data-id=\"e093b86\" data-element_type=\"widget\" data-e-type=\"widget\" data-widget_type=\"image.default\">\n\t\t\t\t<div class=\"elementor-widget-container\">\n\t\t\t\t\t\t\t\t\t\t\t\t\t\t\t<img fetchpriority=\"high\" decoding=\"async\" width=\"850\" height=\"580\" src=\"https:\/\/pointsofconnection.prismsmalta.com\/wp-content\/uploads\/2024\/05\/WhatsApp-Image-2024-05-02-at-15.08.48-3-850x580.jpeg\" class=\"attachment-gainlove-featured-image-large size-gainlove-featured-image-large wp-image-9299\" alt=\"Federacia Catalana Photo\" \/>\t\t\t\t\t\t\t\t\t\t\t\t\t\t\t<\/div>\n\t\t\t\t<\/div>\n\t\t\t\t\t<\/div>\n\t\t\t\t<\/div>\n\t\t\t\t<section class=\"elementor-section elementor-top-section elementor-element elementor-element-ba5bcb9 elementor-section-stretched elementor-section-boxed elementor-section-height-default elementor-section-height-default\" data-id=\"ba5bcb9\" data-element_type=\"section\" data-e-type=\"section\" data-settings=\"{&quot;stretch_section&quot;:&quot;section-stretched&quot;}\">\n\t\t\t\t\t\t<div class=\"elementor-container elementor-column-gap-no\">\n\t\t\t\t\t<div class=\"elementor-column elementor-col-100 elementor-top-column elementor-element elementor-element-9ee64b9\" data-id=\"9ee64b9\" data-element_type=\"column\" data-e-type=\"column\" data-settings=\"{&quot;background_background&quot;:&quot;classic&quot;}\">\n\t\t\t<div class=\"elementor-widget-wrap elementor-element-populated\">\n\t\t\t\t\t\t<section class=\"elementor-section elementor-inner-section elementor-element elementor-element-5cdebcf elementor-section-height-min-height elementor-section-content-middle elementor-section-boxed elementor-section-height-default\" data-id=\"5cdebcf\" data-element_type=\"section\" data-e-type=\"section\">\n\t\t\t\t\t\t<div class=\"elementor-container elementor-column-gap-no\">\n\t\t\t\t\t<div class=\"elementor-column elementor-col-50 elementor-inner-column elementor-element elementor-element-383e2ff\" data-id=\"383e2ff\" data-element_type=\"column\" data-e-type=\"column\">\n\t\t\t<div class=\"elementor-widget-wrap elementor-element-populated\">\n\t\t\t\t\t\t<div class=\"elementor-element elementor-element-f981ed3 elementor-align-left elementor-tablet-align-center elementor-widget elementor-widget-heading\" data-id=\"f981ed3\" data-element_type=\"widget\" data-e-type=\"widget\" data-widget_type=\"heading.default\">\n\t\t\t\t<div class=\"elementor-widget-container\">\n\t\t\t\t\t<h2 class=\"elementor-heading-title elementor-size-default\">\u201cA coisa mais importante na comunica\u00e7\u00e3o \u00e9 ouvir o que n\u00e3o \u00e9 dito.\u201d - Peter Drucker\n<\/h2>\t\t\t\t<\/div>\n\t\t\t\t<\/div>\n\t\t\t\t\t<\/div>\n\t\t<\/div>\n\t\t\t\t<div class=\"elementor-column elementor-col-50 elementor-inner-column elementor-element elementor-element-03a8a18\" data-id=\"03a8a18\" data-element_type=\"column\" data-e-type=\"column\">\n\t\t\t<div class=\"elementor-widget-wrap elementor-element-populated\">\n\t\t\t\t\t\t<div class=\"elementor-element elementor-element-14b3a30 elementor-align-right elementor-tablet-align-center elementor-mobile-align-center elementor-widget-mobile__width-auto elementor-button-primary elementor-widget elementor-widget-button\" data-id=\"14b3a30\" data-element_type=\"widget\" data-e-type=\"widget\" data-widget_type=\"button.default\">\n\t\t\t\t<div class=\"elementor-widget-container\">\n\t\t\t\t\t        <div class=\"elementor-button-wrapper\">\n            <a href=\"https:\/\/pointsofconnection.prismsmalta.com\/pt\/contact-us\/\" class=\"elementor-button-link elementor-button elementor-size-lg\" role=\"button\">\n                        <span class=\"elementor-button-content-wrapper\">\n\t\t\t                <span class=\"elementor-button-icon elementor-align-icon-left\">\n\t\t\t\t<i class=\"fa fa-arrow-circle-o-right\" aria-hidden=\"true\"><\/i>\n\t\t\t<\/span>\n                        <span class=\"elementor-button-text\">Contacta-nos<\/span>\n\t\t<\/span>\n\n\n                <\/a>\n        <\/div>\n        \t\t\t\t<\/div>\n\t\t\t\t<\/div>\n\t\t\t\t\t<\/div>\n\t\t<\/div>\n\t\t\t\t\t<\/div>\n\t\t<\/section>\n\t\t\t\t\t<\/div>\n\t\t<\/div>\n\t\t\t\t\t<\/div>\n\t\t<\/section>\n\t\t\t\t<\/div>\n\t\t<div class=\"gsp_post_data\" \r\n\t            data-post_type=\"page\" \r\n\t            data-cat=\"\" \r\n\t            data-modified=\"120\"\r\n\t            data-created=\"1714578109\"\r\n\t            data-title=\"Federaci\u00f3 Catalana d\u2019Autisme\" \r\n\t            data-home=\"https:\/\/pointsofconnection.prismsmalta.com\/pt\"><\/div>","protected":false},"excerpt":{"rendered":"<p>PARTNER The Catalan Federation of Autism (Federaci\u00f3 Catalana d\u2019Autisme) was born in 2009 to defend the rights of people with autism and their families. The goal of the Federation is to empower, train and support entities created by and for autistic people and their families in everything they need; represent the community in the political [&hellip;]<\/p>\n","protected":false},"author":1,"featured_media":0,"parent":0,"menu_order":0,"comment_status":"closed","ping_status":"closed","template":"page-elementor.php","meta":{"give_campaign_id":0,"inline_featured_image":false,"_monsterinsights_skip_tracking":false,"_monsterinsights_sitenote_active":false,"_monsterinsights_sitenote_note":"","_monsterinsights_sitenote_category":0,"footnotes":""},"class_list":["post-9183","page","type-page","status-publish","hentry"],"campaignId":"","_links":{"self":[{"href":"https:\/\/pointsofconnection.prismsmalta.com\/pt\/wp-json\/wp\/v2\/pages\/9183","targetHints":{"allow":["GET"]}}],"collection":[{"href":"https:\/\/pointsofconnection.prismsmalta.com\/pt\/wp-json\/wp\/v2\/pages"}],"about":[{"href":"https:\/\/pointsofconnection.prismsmalta.com\/pt\/wp-json\/wp\/v2\/types\/page"}],"author":[{"embeddable":true,"href":"https:\/\/pointsofconnection.prismsmalta.com\/pt\/wp-json\/wp\/v2\/users\/1"}],"replies":[{"embeddable":true,"href":"https:\/\/pointsofconnection.prismsmalta.com\/pt\/wp-json\/wp\/v2\/comments?post=9183"}],"version-history":[{"count":16,"href":"https:\/\/pointsofconnection.prismsmalta.com\/pt\/wp-json\/wp\/v2\/pages\/9183\/revisions"}],"predecessor-version":[{"id":9362,"href":"https:\/\/pointsofconnection.prismsmalta.com\/pt\/wp-json\/wp\/v2\/pages\/9183\/revisions\/9362"}],"wp:attachment":[{"href":"https:\/\/pointsofconnection.prismsmalta.com\/pt\/wp-json\/wp\/v2\/media?parent=9183"}],"curies":[{"name":"wp","href":"https:\/\/api.w.org\/{rel}","templated":true}]}}