{"id":9181,"date":"2024-05-01T15:41:30","date_gmt":"2024-05-01T15:41:30","guid":{"rendered":"https:\/\/pointsofconnection.prismsmalta.com\/partner-prisms-copy\/"},"modified":"2024-06-16T12:57:25","modified_gmt":"2024-06-16T12:57:25","slug":"partner-crpd","status":"publish","type":"page","link":"https:\/\/pointsofconnection.prismsmalta.com\/pt\/partner-crpd\/","title":{"rendered":"CRPD"},"content":{"rendered":"<div data-elementor-type=\"wp-post\" data-elementor-id=\"9181\" class=\"elementor elementor-9181\">\n\t\t\t\t\t\t<section class=\"elementor-section elementor-top-section elementor-element elementor-element-2589f6c elementor-section-stretched elementor-section-boxed elementor-section-height-default elementor-section-height-default\" data-id=\"2589f6c\" data-element_type=\"section\" data-e-type=\"section\" data-settings=\"{&quot;stretch_section&quot;:&quot;section-stretched&quot;,&quot;background_background&quot;:&quot;classic&quot;}\">\n\t\t\t\t\t\t<div class=\"elementor-container elementor-column-gap-no\">\n\t\t\t\t\t<div class=\"elementor-column elementor-col-100 elementor-top-column elementor-element elementor-element-3f5f185\" data-id=\"3f5f185\" data-element_type=\"column\" data-e-type=\"column\">\n\t\t\t<div class=\"elementor-widget-wrap elementor-element-populated\">\n\t\t\t\t\t\t<div class=\"elementor-element elementor-element-4aa685b elementor-align-center elementor-widget elementor-widget-heading\" data-id=\"4aa685b\" data-element_type=\"widget\" data-e-type=\"widget\" data-widget_type=\"heading.default\">\n\t\t\t\t<div class=\"elementor-widget-container\">\n\t\t\t\t\t<h2 class=\"elementor-heading-title elementor-size-default\">Parceiro<\/h2>\t\t\t\t<\/div>\n\t\t\t\t<\/div>\n\t\t\t\t<div class=\"elementor-element elementor-element-7c604b8 elementor-widget__width-initial elementor-widget-mobile__width-initial elementor-widget elementor-widget-text-editor\" data-id=\"7c604b8\" data-element_type=\"widget\" data-e-type=\"widget\" data-widget_type=\"text-editor.default\">\n\t\t\t\t<div class=\"elementor-widget-container\">\n\t\t\t\t\t        <div class=\"elementor-text-editor elementor-clearfix\"><p>A Comiss\u00e3o para os Direitos das Pessoas com Defici\u00eancia (CRPD) est\u00e1 empenhada em tornar a sociedade maltesa uma sociedade inclusiva, de modo a que as pessoas com defici\u00eancia atinjam o seu pleno potencial em todos os aspetos da vida, desfrutando de uma elevada qualidade de vida gra\u00e7as \u00e0 igualdade de oportunidades. No cumprimento desta miss\u00e3o, a CRPD trabalha no sentido de eliminar qualquer forma de discrimina\u00e7\u00e3o social direta ou indireta contra as pessoas com defici\u00eancia e as suas fam\u00edlias, prestando-lhes ao mesmo tempo a assist\u00eancia e o apoio necess\u00e1rios. A Comiss\u00e3o para os Direitos das Pessoas com Defici\u00eancia (CRPD) tem 42 pessoas como membros da equipa.\u00a0<\/p><p>Al\u00e9m disso, a Comiss\u00e3o tem trabalhado para criar a primeira estrat\u00e9gia da CRPD. Esta estrat\u00e9gia deu uma maior dire\u00e7\u00e3o e estrutura ao trabalho da Comiss\u00e3o, facilitando a sensibiliza\u00e7\u00e3o para o mesmo. Foi criado um grupo de trabalho composto por acad\u00e9micos, profissionais e pessoas com defici\u00eancia para compilar a estrat\u00e9gia da CRPD.<\/p><p>Para garantir que o setor da defici\u00eancia esteja bem representado na vis\u00e3o da CRPD, o Comiss\u00e1rio reuniu-se com as OPD\u2019s e as ONG\u2019s, bem como com as principais partes interessadas. A estrat\u00e9gia ir\u00e1 basear-se nos resultados destas reuni\u00f5es, na investiga\u00e7\u00e3o adicional realizada pela Comiss\u00e3o em colabora\u00e7\u00e3o com partes interessadas externas e na contribui\u00e7\u00e3o dos membros. Esta estrat\u00e9gia est\u00e1 agora dispon\u00edvel para implementa\u00e7\u00e3o com o nome \u201cLiberdade para viver\u201d - Estrat\u00e9gia Nacional de Malta 2021-2030 sobre os Direitos das Pessoas com Defici\u00eancia.<\/p><\/div>\n        \t\t\t\t<\/div>\n\t\t\t\t<\/div>\n\t\t\t\t\t<\/div>\n\t\t<\/div>\n\t\t\t\t\t<\/div>\n\t\t<\/section>\n\t\t<div class=\"elementor-element elementor-element-1aeb54f e-grid e-con-boxed e-con e-parent\" data-id=\"1aeb54f\" data-element_type=\"container\" data-e-type=\"container\">\n\t\t\t\t\t<div class=\"e-con-inner\">\n\t\t\t\t<div class=\"elementor-element elementor-element-2114aa6 elementor-widget elementor-widget-image\" data-id=\"2114aa6\" data-element_type=\"widget\" data-e-type=\"widget\" data-widget_type=\"image.default\">\n\t\t\t\t<div class=\"elementor-widget-container\">\n\t\t\t\t\t\t\t\t\t\t\t\t\t\t\t<img decoding=\"async\" width=\"300\" height=\"89\" src=\"https:\/\/pointsofconnection.prismsmalta.com\/wp-content\/uploads\/2024\/05\/5568e295-ca2a-47dd-8152-9494d39fcbfe-removebg-preview-300x89.png\" class=\"attachment-medium size-medium wp-image-9204\" alt=\"CRPD Logo\" srcset=\"https:\/\/pointsofconnection.prismsmalta.com\/wp-content\/uploads\/2024\/05\/5568e295-ca2a-47dd-8152-9494d39fcbfe-removebg-preview-300x89.png 300w, https:\/\/pointsofconnection.prismsmalta.com\/wp-content\/uploads\/2024\/05\/5568e295-ca2a-47dd-8152-9494d39fcbfe-removebg-preview-768x227.png 768w, https:\/\/pointsofconnection.prismsmalta.com\/wp-content\/uploads\/2024\/05\/5568e295-ca2a-47dd-8152-9494d39fcbfe-removebg-preview-18x5.png 18w, https:\/\/pointsofconnection.prismsmalta.com\/wp-content\/uploads\/2024\/05\/5568e295-ca2a-47dd-8152-9494d39fcbfe-removebg-preview-400x118.png 400w, https:\/\/pointsofconnection.prismsmalta.com\/wp-content\/uploads\/2024\/05\/5568e295-ca2a-47dd-8152-9494d39fcbfe-removebg-preview.png 919w\" sizes=\"(max-width: 300px) 100vw, 300px\" \/>\t\t\t\t\t\t\t\t\t\t\t\t\t\t\t<\/div>\n\t\t\t\t<\/div>\n\t\t\t\t<div class=\"elementor-element elementor-element-e093b86 elementor-widget elementor-widget-image\" data-id=\"e093b86\" data-element_type=\"widget\" data-e-type=\"widget\" data-widget_type=\"image.default\">\n\t\t\t\t<div class=\"elementor-widget-container\">\n\t\t\t\t\t\t\t\t\t\t\t\t\t\t\t<img fetchpriority=\"high\" decoding=\"async\" width=\"850\" height=\"580\" src=\"https:\/\/pointsofconnection.prismsmalta.com\/wp-content\/uploads\/2024\/05\/IMG_8039-850x580.jpg\" class=\"attachment-gainlove-featured-image-large size-gainlove-featured-image-large wp-image-9310\" alt=\"CDRD Photo\" srcset=\"https:\/\/pointsofconnection.prismsmalta.com\/wp-content\/uploads\/2024\/05\/IMG_8039-850x580.jpg 850w, https:\/\/pointsofconnection.prismsmalta.com\/wp-content\/uploads\/2024\/05\/IMG_8039-18x12.jpg 18w\" sizes=\"(max-width: 850px) 100vw, 850px\" \/>\t\t\t\t\t\t\t\t\t\t\t\t\t\t\t<\/div>\n\t\t\t\t<\/div>\n\t\t\t\t\t<\/div>\n\t\t\t\t<\/div>\n\t\t\t\t<section class=\"elementor-section elementor-top-section elementor-element elementor-element-ba5bcb9 elementor-section-stretched elementor-section-boxed elementor-section-height-default elementor-section-height-default\" data-id=\"ba5bcb9\" data-element_type=\"section\" data-e-type=\"section\" data-settings=\"{&quot;stretch_section&quot;:&quot;section-stretched&quot;}\">\n\t\t\t\t\t\t<div class=\"elementor-container elementor-column-gap-no\">\n\t\t\t\t\t<div class=\"elementor-column elementor-col-100 elementor-top-column elementor-element elementor-element-9ee64b9\" data-id=\"9ee64b9\" data-element_type=\"column\" data-e-type=\"column\" data-settings=\"{&quot;background_background&quot;:&quot;classic&quot;}\">\n\t\t\t<div class=\"elementor-widget-wrap elementor-element-populated\">\n\t\t\t\t\t\t<section class=\"elementor-section elementor-inner-section elementor-element elementor-element-5cdebcf elementor-section-height-min-height elementor-section-content-middle elementor-section-boxed elementor-section-height-default\" data-id=\"5cdebcf\" data-element_type=\"section\" data-e-type=\"section\">\n\t\t\t\t\t\t<div class=\"elementor-container elementor-column-gap-no\">\n\t\t\t\t\t<div class=\"elementor-column elementor-col-50 elementor-inner-column elementor-element elementor-element-383e2ff\" data-id=\"383e2ff\" data-element_type=\"column\" data-e-type=\"column\">\n\t\t\t<div class=\"elementor-widget-wrap elementor-element-populated\">\n\t\t\t\t\t\t<div class=\"elementor-element elementor-element-f981ed3 elementor-align-left elementor-tablet-align-center elementor-widget elementor-widget-heading\" data-id=\"f981ed3\" data-element_type=\"widget\" data-e-type=\"widget\" data-widget_type=\"heading.default\">\n\t\t\t\t<div class=\"elementor-widget-container\">\n\t\t\t\t\t<h2 class=\"elementor-heading-title elementor-size-default\">\u201cA coisa mais importante na comunica\u00e7\u00e3o \u00e9 ouvir o que n\u00e3o \u00e9 dito.\u201d - Peter Drucker\n<\/h2>\t\t\t\t<\/div>\n\t\t\t\t<\/div>\n\t\t\t\t\t<\/div>\n\t\t<\/div>\n\t\t\t\t<div class=\"elementor-column elementor-col-50 elementor-inner-column elementor-element elementor-element-03a8a18\" data-id=\"03a8a18\" data-element_type=\"column\" data-e-type=\"column\">\n\t\t\t<div class=\"elementor-widget-wrap elementor-element-populated\">\n\t\t\t\t\t\t<div class=\"elementor-element elementor-element-14b3a30 elementor-align-right elementor-tablet-align-center elementor-mobile-align-center elementor-widget-mobile__width-auto elementor-button-primary elementor-widget elementor-widget-button\" data-id=\"14b3a30\" data-element_type=\"widget\" data-e-type=\"widget\" data-widget_type=\"button.default\">\n\t\t\t\t<div class=\"elementor-widget-container\">\n\t\t\t\t\t        <div class=\"elementor-button-wrapper\">\n            <a href=\"https:\/\/pointsofconnection.prismsmalta.com\/pt\/contact-us\/\" class=\"elementor-button-link elementor-button elementor-size-lg\" role=\"button\">\n                        <span class=\"elementor-button-content-wrapper\">\n\t\t\t                <span class=\"elementor-button-icon elementor-align-icon-left\">\n\t\t\t\t<i class=\"fa fa-arrow-circle-o-right\" aria-hidden=\"true\"><\/i>\n\t\t\t<\/span>\n                        <span class=\"elementor-button-text\">Contacta-nos<\/span>\n\t\t<\/span>\n\n\n                <\/a>\n        <\/div>\n        \t\t\t\t<\/div>\n\t\t\t\t<\/div>\n\t\t\t\t\t<\/div>\n\t\t<\/div>\n\t\t\t\t\t<\/div>\n\t\t<\/section>\n\t\t\t\t\t<\/div>\n\t\t<\/div>\n\t\t\t\t\t<\/div>\n\t\t<\/section>\n\t\t\t\t<\/div>\n\t\t<div class=\"gsp_post_data\" \r\n\t            data-post_type=\"page\" \r\n\t            data-cat=\"\" \r\n\t            data-modified=\"120\"\r\n\t            data-created=\"1714578090\"\r\n\t            data-title=\"CRPD\" \r\n\t            data-home=\"https:\/\/pointsofconnection.prismsmalta.com\/pt\"><\/div>","protected":false},"excerpt":{"rendered":"<p>PARTNER The Commission for the Rights of Persons with Disability (CRPD) is committed to rendering Maltese society an inclusive one, in a way that persons with disability reach their full potential in all aspects of life, enjoying a high quality of life thanks to equal opportunities.\u00a0 In fulfilling this mission, CRPD works in order to [&hellip;]<\/p>\n","protected":false},"author":1,"featured_media":0,"parent":0,"menu_order":0,"comment_status":"closed","ping_status":"closed","template":"page-elementor.php","meta":{"give_campaign_id":0,"inline_featured_image":false,"_monsterinsights_skip_tracking":false,"_monsterinsights_sitenote_active":false,"_monsterinsights_sitenote_note":"","_monsterinsights_sitenote_category":0,"footnotes":""},"class_list":["post-9181","page","type-page","status-publish","hentry"],"campaignId":"","_links":{"self":[{"href":"https:\/\/pointsofconnection.prismsmalta.com\/pt\/wp-json\/wp\/v2\/pages\/9181","targetHints":{"allow":["GET"]}}],"collection":[{"href":"https:\/\/pointsofconnection.prismsmalta.com\/pt\/wp-json\/wp\/v2\/pages"}],"about":[{"href":"https:\/\/pointsofconnection.prismsmalta.com\/pt\/wp-json\/wp\/v2\/types\/page"}],"author":[{"embeddable":true,"href":"https:\/\/pointsofconnection.prismsmalta.com\/pt\/wp-json\/wp\/v2\/users\/1"}],"replies":[{"embeddable":true,"href":"https:\/\/pointsofconnection.prismsmalta.com\/pt\/wp-json\/wp\/v2\/comments?post=9181"}],"version-history":[{"count":16,"href":"https:\/\/pointsofconnection.prismsmalta.com\/pt\/wp-json\/wp\/v2\/pages\/9181\/revisions"}],"predecessor-version":[{"id":9359,"href":"https:\/\/pointsofconnection.prismsmalta.com\/pt\/wp-json\/wp\/v2\/pages\/9181\/revisions\/9359"}],"wp:attachment":[{"href":"https:\/\/pointsofconnection.prismsmalta.com\/pt\/wp-json\/wp\/v2\/media?parent=9181"}],"curies":[{"name":"wp","href":"https:\/\/api.w.org\/{rel}","templated":true}]}}