{"id":9161,"date":"2024-05-01T14:51:29","date_gmt":"2024-05-01T14:51:29","guid":{"rendered":"https:\/\/pointsofconnection.prismsmalta.com\/about-project-copy\/"},"modified":"2024-06-16T12:57:06","modified_gmt":"2024-06-16T12:57:06","slug":"partner-prisms","status":"publish","type":"page","link":"https:\/\/pointsofconnection.prismsmalta.com\/pt\/partner-prisms\/","title":{"rendered":"Prisms"},"content":{"rendered":"<div data-elementor-type=\"wp-post\" data-elementor-id=\"9161\" class=\"elementor elementor-9161\">\n\t\t\t\t\t\t<section class=\"elementor-section elementor-top-section elementor-element elementor-element-2589f6c elementor-section-stretched elementor-section-boxed elementor-section-height-default elementor-section-height-default\" data-id=\"2589f6c\" data-element_type=\"section\" data-e-type=\"section\" data-settings=\"{&quot;stretch_section&quot;:&quot;section-stretched&quot;,&quot;background_background&quot;:&quot;classic&quot;}\">\n\t\t\t\t\t\t<div class=\"elementor-container elementor-column-gap-no\">\n\t\t\t\t\t<div class=\"elementor-column elementor-col-50 elementor-top-column elementor-element elementor-element-14de104\" data-id=\"14de104\" data-element_type=\"column\" data-e-type=\"column\">\n\t\t\t<div class=\"elementor-widget-wrap elementor-element-populated\">\n\t\t\t\t\t\t<div class=\"elementor-element elementor-element-d31ea42 elementor-widget elementor-widget-image\" data-id=\"d31ea42\" data-element_type=\"widget\" data-e-type=\"widget\" data-widget_type=\"image.default\">\n\t\t\t\t<div class=\"elementor-widget-container\">\n\t\t\t\t\t\t\t\t\t\t\t\t\t\t\t<img fetchpriority=\"high\" decoding=\"async\" width=\"600\" height=\"431\" src=\"https:\/\/pointsofconnection.prismsmalta.com\/wp-content\/uploads\/2019\/08\/Prisms-Logo-1024x735.png\" class=\"attachment-large size-large wp-image-9098\" alt=\"Prisms Logo\" srcset=\"https:\/\/pointsofconnection.prismsmalta.com\/wp-content\/uploads\/2019\/08\/Prisms-Logo-1024x735.png 1024w, https:\/\/pointsofconnection.prismsmalta.com\/wp-content\/uploads\/2019\/08\/Prisms-Logo-300x215.png 300w, https:\/\/pointsofconnection.prismsmalta.com\/wp-content\/uploads\/2019\/08\/Prisms-Logo-768x552.png 768w, https:\/\/pointsofconnection.prismsmalta.com\/wp-content\/uploads\/2019\/08\/Prisms-Logo-1536x1103.png 1536w, https:\/\/pointsofconnection.prismsmalta.com\/wp-content\/uploads\/2019\/08\/Prisms-Logo-2048x1471.png 2048w, https:\/\/pointsofconnection.prismsmalta.com\/wp-content\/uploads\/2019\/08\/Prisms-Logo-18x12.png 18w, https:\/\/pointsofconnection.prismsmalta.com\/wp-content\/uploads\/2019\/08\/Prisms-Logo-400x287.png 400w\" sizes=\"(max-width: 600px) 100vw, 600px\" \/>\t\t\t\t\t\t\t\t\t\t\t\t\t\t\t<\/div>\n\t\t\t\t<\/div>\n\t\t\t\t\t<\/div>\n\t\t<\/div>\n\t\t\t\t<div class=\"elementor-column elementor-col-50 elementor-top-column elementor-element elementor-element-3f5f185\" data-id=\"3f5f185\" data-element_type=\"column\" data-e-type=\"column\">\n\t\t\t<div class=\"elementor-widget-wrap elementor-element-populated\">\n\t\t\t\t\t\t<div class=\"elementor-element elementor-element-4aa685b elementor-align-center elementor-widget elementor-widget-heading\" data-id=\"4aa685b\" data-element_type=\"widget\" data-e-type=\"widget\" data-widget_type=\"heading.default\">\n\t\t\t\t<div class=\"elementor-widget-container\">\n\t\t\t\t\t<h2 class=\"elementor-heading-title elementor-size-default\">Parceiro principal<\/h2>\t\t\t\t<\/div>\n\t\t\t\t<\/div>\n\t\t\t\t<div class=\"elementor-element elementor-element-7c604b8 elementor-widget__width-initial elementor-widget-mobile__width-initial elementor-widget elementor-widget-text-editor\" data-id=\"7c604b8\" data-element_type=\"widget\" data-e-type=\"widget\" data-widget_type=\"text-editor.default\">\n\t\t\t\t<div class=\"elementor-widget-container\">\n\t\t\t\t\t        <div class=\"elementor-text-editor elementor-clearfix\"><p>Prisms \u00e9 um grupo de jovens experientes que, em 2008, se juntou com o objetivo de criar uma ONG que respondesse \u00e0s necessidades dos jovens e daqueles que trabalham com jovens. Prisms tem como objetivo capacitar as pessoas com as compet\u00eancias, ferramentas, informa\u00e7\u00f5es e valores necess\u00e1rios para o crescimento pessoal e para serem participantes ativos na sociedade. Prisms responde \u00e0s necessidades das pessoas com quem trabalha atrav\u00e9s de m\u00e9todos inovadores de educa\u00e7\u00e3o n\u00e3o formal, de modo a satisfazer as suas necessidades de uma forma hol\u00edstica.<\/p><p>Prisms centra-se no trabalho com diferentes grupos de jovens, desde os jovens NEET, que t\u00eam menos oportunidades, jovens com problemas de sa\u00fade mental e jovens com defici\u00eancia.<\/p><\/div>\n        \t\t\t\t<\/div>\n\t\t\t\t<\/div>\n\t\t\t\t\t<\/div>\n\t\t<\/div>\n\t\t\t\t\t<\/div>\n\t\t<\/section>\n\t\t<div class=\"elementor-element elementor-element-1aeb54f e-grid e-con-boxed e-con e-parent\" data-id=\"1aeb54f\" data-element_type=\"container\" data-e-type=\"container\">\n\t\t\t\t\t<div class=\"e-con-inner\">\n\t\t\t\t<div class=\"elementor-element elementor-element-e093b86 elementor-widget elementor-widget-image\" data-id=\"e093b86\" data-element_type=\"widget\" data-e-type=\"widget\" data-widget_type=\"image.default\">\n\t\t\t\t<div class=\"elementor-widget-container\">\n\t\t\t\t\t\t\t\t\t\t\t\t\t\t\t<img decoding=\"async\" width=\"850\" height=\"580\" src=\"https:\/\/pointsofconnection.prismsmalta.com\/wp-content\/uploads\/2024\/05\/AFS_JonathanBrincatPhotography_-119-850x580.jpg\" class=\"attachment-gainlove-featured-image-large size-gainlove-featured-image-large wp-image-9164\" alt=\"Prisms Photo 1\" srcset=\"https:\/\/pointsofconnection.prismsmalta.com\/wp-content\/uploads\/2024\/05\/AFS_JonathanBrincatPhotography_-119-850x580.jpg 850w, https:\/\/pointsofconnection.prismsmalta.com\/wp-content\/uploads\/2024\/05\/AFS_JonathanBrincatPhotography_-119-18x12.jpg 18w\" sizes=\"(max-width: 850px) 100vw, 850px\" \/>\t\t\t\t\t\t\t\t\t\t\t\t\t\t\t<\/div>\n\t\t\t\t<\/div>\n\t\t\t\t<div class=\"elementor-element elementor-element-c5cdc01 elementor-widget elementor-widget-image\" data-id=\"c5cdc01\" data-element_type=\"widget\" data-e-type=\"widget\" data-widget_type=\"image.default\">\n\t\t\t\t<div class=\"elementor-widget-container\">\n\t\t\t\t\t\t\t\t\t\t\t\t\t\t\t<img decoding=\"async\" width=\"850\" height=\"580\" src=\"https:\/\/pointsofconnection.prismsmalta.com\/wp-content\/uploads\/2024\/05\/215416491_343115607407289_3113504242632850128_n-850x580.jpg\" class=\"attachment-gainlove-featured-image-large size-gainlove-featured-image-large wp-image-9169\" alt=\"Prisms Photo 2\" srcset=\"https:\/\/pointsofconnection.prismsmalta.com\/wp-content\/uploads\/2024\/05\/215416491_343115607407289_3113504242632850128_n-850x580.jpg 850w, https:\/\/pointsofconnection.prismsmalta.com\/wp-content\/uploads\/2024\/05\/215416491_343115607407289_3113504242632850128_n-16x12.jpg 16w\" sizes=\"(max-width: 850px) 100vw, 850px\" \/>\t\t\t\t\t\t\t\t\t\t\t\t\t\t\t<\/div>\n\t\t\t\t<\/div>\n\t\t\t\t\t<\/div>\n\t\t\t\t<\/div>\n\t\t\t\t<section class=\"elementor-section elementor-top-section elementor-element elementor-element-ba5bcb9 elementor-section-stretched elementor-section-boxed elementor-section-height-default elementor-section-height-default\" data-id=\"ba5bcb9\" data-element_type=\"section\" data-e-type=\"section\" data-settings=\"{&quot;stretch_section&quot;:&quot;section-stretched&quot;}\">\n\t\t\t\t\t\t<div class=\"elementor-container elementor-column-gap-no\">\n\t\t\t\t\t<div class=\"elementor-column elementor-col-100 elementor-top-column elementor-element elementor-element-9ee64b9\" data-id=\"9ee64b9\" data-element_type=\"column\" data-e-type=\"column\" data-settings=\"{&quot;background_background&quot;:&quot;classic&quot;}\">\n\t\t\t<div class=\"elementor-widget-wrap elementor-element-populated\">\n\t\t\t\t\t\t<section class=\"elementor-section elementor-inner-section elementor-element elementor-element-5cdebcf elementor-section-height-min-height elementor-section-content-middle elementor-section-boxed elementor-section-height-default\" data-id=\"5cdebcf\" data-element_type=\"section\" data-e-type=\"section\">\n\t\t\t\t\t\t<div class=\"elementor-container elementor-column-gap-no\">\n\t\t\t\t\t<div class=\"elementor-column elementor-col-50 elementor-inner-column elementor-element elementor-element-383e2ff\" data-id=\"383e2ff\" data-element_type=\"column\" data-e-type=\"column\">\n\t\t\t<div class=\"elementor-widget-wrap elementor-element-populated\">\n\t\t\t\t\t\t<div class=\"elementor-element elementor-element-f981ed3 elementor-align-left elementor-tablet-align-center elementor-widget elementor-widget-heading\" data-id=\"f981ed3\" data-element_type=\"widget\" data-e-type=\"widget\" data-widget_type=\"heading.default\">\n\t\t\t\t<div class=\"elementor-widget-container\">\n\t\t\t\t\t<h2 class=\"elementor-heading-title elementor-size-default\">\u201cA coisa mais importante na comunica\u00e7\u00e3o \u00e9 ouvir o que n\u00e3o \u00e9 dito.\u201d - Peter Drucker\n<\/h2>\t\t\t\t<\/div>\n\t\t\t\t<\/div>\n\t\t\t\t\t<\/div>\n\t\t<\/div>\n\t\t\t\t<div class=\"elementor-column elementor-col-50 elementor-inner-column elementor-element elementor-element-03a8a18\" data-id=\"03a8a18\" data-element_type=\"column\" data-e-type=\"column\">\n\t\t\t<div class=\"elementor-widget-wrap elementor-element-populated\">\n\t\t\t\t\t\t<div class=\"elementor-element elementor-element-14b3a30 elementor-align-right elementor-tablet-align-center elementor-mobile-align-center elementor-widget-mobile__width-auto elementor-button-primary elementor-widget elementor-widget-button\" data-id=\"14b3a30\" data-element_type=\"widget\" data-e-type=\"widget\" data-widget_type=\"button.default\">\n\t\t\t\t<div class=\"elementor-widget-container\">\n\t\t\t\t\t        <div class=\"elementor-button-wrapper\">\n            <a href=\"https:\/\/pointsofconnection.prismsmalta.com\/pt\/contact-us\/\" class=\"elementor-button-link elementor-button elementor-size-lg\" role=\"button\">\n                        <span class=\"elementor-button-content-wrapper\">\n\t\t\t                <span class=\"elementor-button-icon elementor-align-icon-left\">\n\t\t\t\t<i class=\"fa fa-arrow-circle-o-right\" aria-hidden=\"true\"><\/i>\n\t\t\t<\/span>\n                        <span class=\"elementor-button-text\">Contacta-nos<\/span>\n\t\t<\/span>\n\n\n                <\/a>\n        <\/div>\n        \t\t\t\t<\/div>\n\t\t\t\t<\/div>\n\t\t\t\t\t<\/div>\n\t\t<\/div>\n\t\t\t\t\t<\/div>\n\t\t<\/section>\n\t\t\t\t\t<\/div>\n\t\t<\/div>\n\t\t\t\t\t<\/div>\n\t\t<\/section>\n\t\t\t\t<\/div>\n\t\t<div class=\"gsp_post_data\" \r\n\t            data-post_type=\"page\" \r\n\t            data-cat=\"\" \r\n\t            data-modified=\"120\"\r\n\t            data-created=\"1714575089\"\r\n\t            data-title=\"Prisms\" \r\n\t            data-home=\"https:\/\/pointsofconnection.prismsmalta.com\/pt\"><\/div>","protected":false},"excerpt":{"rendered":"<p>LEAD PARTNER Prisms is a group of experienced youth workers that in 2008 came together with the aim of creating an NGO that caters for the requirements of young people and those working with young people. Prisms aims to empower people with the skills, tools, information and values necessary for personal growth and to be [&hellip;]<\/p>\n","protected":false},"author":1,"featured_media":0,"parent":0,"menu_order":0,"comment_status":"closed","ping_status":"closed","template":"page-elementor.php","meta":{"give_campaign_id":0,"inline_featured_image":false,"_monsterinsights_skip_tracking":false,"_monsterinsights_sitenote_active":false,"_monsterinsights_sitenote_note":"","_monsterinsights_sitenote_category":0,"footnotes":""},"class_list":["post-9161","page","type-page","status-publish","hentry"],"campaignId":"","_links":{"self":[{"href":"https:\/\/pointsofconnection.prismsmalta.com\/pt\/wp-json\/wp\/v2\/pages\/9161","targetHints":{"allow":["GET"]}}],"collection":[{"href":"https:\/\/pointsofconnection.prismsmalta.com\/pt\/wp-json\/wp\/v2\/pages"}],"about":[{"href":"https:\/\/pointsofconnection.prismsmalta.com\/pt\/wp-json\/wp\/v2\/types\/page"}],"author":[{"embeddable":true,"href":"https:\/\/pointsofconnection.prismsmalta.com\/pt\/wp-json\/wp\/v2\/users\/1"}],"replies":[{"embeddable":true,"href":"https:\/\/pointsofconnection.prismsmalta.com\/pt\/wp-json\/wp\/v2\/comments?post=9161"}],"version-history":[{"count":16,"href":"https:\/\/pointsofconnection.prismsmalta.com\/pt\/wp-json\/wp\/v2\/pages\/9161\/revisions"}],"predecessor-version":[{"id":9353,"href":"https:\/\/pointsofconnection.prismsmalta.com\/pt\/wp-json\/wp\/v2\/pages\/9161\/revisions\/9353"}],"wp:attachment":[{"href":"https:\/\/pointsofconnection.prismsmalta.com\/pt\/wp-json\/wp\/v2\/media?parent=9161"}],"curies":[{"name":"wp","href":"https:\/\/api.w.org\/{rel}","templated":true}]}}