{"id":1351,"date":"2019-08-26T02:46:54","date_gmt":"2019-08-26T02:46:54","guid":{"rendered":"http:\/\/dev2.wpopal.com\/fundor\/?page_id=1351"},"modified":"2024-05-01T12:15:22","modified_gmt":"2024-05-01T12:15:22","slug":"contact-us","status":"publish","type":"page","link":"https:\/\/pointsofconnection.prismsmalta.com\/pl\/contact-us\/","title":{"rendered":"Skontaktuj si\u0119 z nami"},"content":{"rendered":"<div data-elementor-type=\"wp-post\" data-elementor-id=\"1351\" class=\"elementor elementor-1351\">\n\t\t\t\t\t\t<section class=\"elementor-section elementor-top-section elementor-element elementor-element-0dc9b44 elementor-reverse-tablet elementor-reverse-mobile elementor-section-boxed elementor-section-height-default elementor-section-height-default\" data-id=\"0dc9b44\" data-element_type=\"section\" data-e-type=\"section\">\n\t\t\t\t\t\t<div class=\"elementor-container elementor-column-gap-no\">\n\t\t\t\t\t<div class=\"elementor-column elementor-col-50 elementor-top-column elementor-element elementor-element-eb89580\" data-id=\"eb89580\" data-element_type=\"column\" data-e-type=\"column\">\n\t\t\t<div class=\"elementor-widget-wrap elementor-element-populated\">\n\t\t\t\t\t\t<div class=\"elementor-element elementor-element-8d86127 elementor-align-left elementor-widget elementor-widget-heading\" data-id=\"8d86127\" data-element_type=\"widget\" data-e-type=\"widget\" data-widget_type=\"heading.default\">\n\t\t\t\t<div class=\"elementor-widget-container\">\n\t\t\t\t\t<h2 class=\"elementor-heading-title elementor-size-default\">Skontaktuj si\u0119 z nami<\/h2>\t\t\t\t<\/div>\n\t\t\t\t<\/div>\n\t\t\t\t<div class=\"elementor-element elementor-element-04133ab elementor-view-stacked elementor-vertical-align-middle elementor-position-left elementor-shape-circle icon-box-default elementor-widget elementor-widget-icon-box\" data-id=\"04133ab\" data-element_type=\"widget\" data-e-type=\"widget\" data-widget_type=\"icon-box.default\">\n\t\t\t\t<div class=\"elementor-widget-container\">\n\t\t\t\t\t        <div class=\"elementor-icon-box-wrapper\">\n                            <div class=\"elementor-icon-box-icon\">\n                    <span class=\"elementor-icon elementor-animation-\" >\n                                                    <i class=\"opal-icon- opal-icon-visit-us opal-custom\" aria-hidden=\"true\"><\/i>\n                                            <\/span>\n                <\/div>\n                        <div class=\"elementor-icon-box-content\">\n                 <h4 class=\"elementor-icon-box-title\">\n                     <span >Odwied\u017a nas<\/span>\n                 <\/h4>\n\n                                                    <p class=\"elementor-icon-box-description\">Prisms, 12, G.Licari Street, Birkirkara, Malta<\/p>\n                \n                \n            <\/div>\n        <\/div>\n        \t\t\t\t<\/div>\n\t\t\t\t<\/div>\n\t\t\t\t<div class=\"elementor-element elementor-element-5a26c72 elementor-view-stacked elementor-vertical-align-middle elementor-position-left elementor-shape-circle icon-box-default elementor-widget elementor-widget-icon-box\" data-id=\"5a26c72\" data-element_type=\"widget\" data-e-type=\"widget\" data-widget_type=\"icon-box.default\">\n\t\t\t\t<div class=\"elementor-widget-container\">\n\t\t\t\t\t        <div class=\"elementor-icon-box-wrapper\">\n                            <div class=\"elementor-icon-box-icon\">\n                    <a class=\"elementor-icon elementor-animation-\" href=\"mailto:info@prismsmalta.com\">\n                                                    <i class=\"far fa-envelope fa-regular\" aria-hidden=\"true\"><\/i>\n                                            <\/a>\n                <\/div>\n                        <div class=\"elementor-icon-box-content\">\n                 <h4 class=\"elementor-icon-box-title\">\n                     <a href=\"mailto:info@prismsmalta.com\">Napisz do nas<\/a>\n                 <\/h4>\n\n                                                    <p class=\"elementor-icon-box-description\">info@prismsmalta.com<\/p>\n                \n                \n            <\/div>\n        <\/div>\n        \t\t\t\t<\/div>\n\t\t\t\t<\/div>\n\t\t\t\t<div class=\"elementor-element elementor-element-ec35ede elementor-view-stacked elementor-vertical-align-middle elementor-position-left elementor-shape-circle icon-box-default elementor-widget elementor-widget-icon-box\" data-id=\"ec35ede\" data-element_type=\"widget\" data-e-type=\"widget\" data-widget_type=\"icon-box.default\">\n\t\t\t\t<div class=\"elementor-widget-container\">\n\t\t\t\t\t        <div class=\"elementor-icon-box-wrapper\">\n                            <div class=\"elementor-icon-box-icon\">\n                    <span class=\"elementor-icon elementor-animation-\" >\n                                                    <i class=\"opal-icon- opal-icon-call opal-custom\" aria-hidden=\"true\"><\/i>\n                                            <\/span>\n                <\/div>\n                        <div class=\"elementor-icon-box-content\">\n                 <h4 class=\"elementor-icon-box-title\">\n                     <span >Zadzwo\u0144 do nas<\/span>\n                 <\/h4>\n\n                                                    <p class=\"elementor-icon-box-description\">+356 21449875<\/p>\n                \n                \n            <\/div>\n        <\/div>\n        \t\t\t\t<\/div>\n\t\t\t\t<\/div>\n\t\t\t\t<div class=\"elementor-element elementor-element-b0224a3 elementor-view-stacked elementor-vertical-align-middle elementor-position-left elementor-shape-circle icon-box-default elementor-widget elementor-widget-icon-box\" data-id=\"b0224a3\" data-element_type=\"widget\" data-e-type=\"widget\" data-widget_type=\"icon-box.default\">\n\t\t\t\t<div class=\"elementor-widget-container\">\n\t\t\t\t\t        <div class=\"elementor-icon-box-wrapper\">\n                            <div class=\"elementor-icon-box-icon\">\n                    <a class=\"elementor-icon elementor-animation-\" href=\"https:\/\/www.prismsmalta.com\/\">\n                                                    <i class=\"fas fa-globe fa-solid\" aria-hidden=\"true\"><\/i>\n                                            <\/a>\n                <\/div>\n                        <div class=\"elementor-icon-box-content\">\n                 <h4 class=\"elementor-icon-box-title\">\n                     <a href=\"https:\/\/www.prismsmalta.com\/\">Odwied\u017a nasz\u0105 stron\u0119 internetow\u0105<\/a>\n                 <\/h4>\n\n                                                    <p class=\"elementor-icon-box-description\">https:\/\/www.prismsmalta.com\/<\/p>\n                \n                \n            <\/div>\n        <\/div>\n        \t\t\t\t<\/div>\n\t\t\t\t<\/div>\n\t\t\t\t\t<\/div>\n\t\t<\/div>\n\t\t\t\t<div class=\"elementor-column elementor-col-50 elementor-top-column elementor-element elementor-element-800a25e\" data-id=\"800a25e\" data-element_type=\"column\" data-e-type=\"column\" data-settings=\"{&quot;background_background&quot;:&quot;classic&quot;}\">\n\t\t\t<div class=\"elementor-widget-wrap elementor-element-populated\">\n\t\t\t\t\t\t<div class=\"elementor-element elementor-element-5b72074 elementor-mobile-align-center elementor-widget elementor-widget-heading\" data-id=\"5b72074\" data-element_type=\"widget\" data-e-type=\"widget\" data-widget_type=\"heading.default\">\n\t\t\t\t<div class=\"elementor-widget-container\">\n\t\t\t\t\t<h2 class=\"elementor-heading-title elementor-size-default\">Wy\u015blij nam wiadomo\u015b\u0107<\/h2>\t\t\t\t<\/div>\n\t\t\t\t<\/div>\n\t\t\t\t<div class=\"elementor-element elementor-element-d460431 elementor-widget elementor-widget-text-editor\" data-id=\"d460431\" data-element_type=\"widget\" data-e-type=\"widget\" data-widget_type=\"text-editor.default\">\n\t\t\t\t<div class=\"elementor-widget-container\">\n\t\t\t\t\t        <div class=\"elementor-text-editor elementor-clearfix\"><p>Pola oznaczone gwiazdk\u0105* s\u0105 obowi\u0105zkowe<\/p><\/div>\n        \t\t\t\t<\/div>\n\t\t\t\t<\/div>\n\t\t\t\t<div class=\"elementor-element elementor-element-e20b949 elementor-wpcf7-button-primary elementor-wpcf7-button-md elementor-widget elementor-widget-opal-contactform7\" data-id=\"e20b949\" data-element_type=\"widget\" data-e-type=\"widget\" data-widget_type=\"opal-contactform7.default\">\n\t\t\t\t<div class=\"elementor-widget-container\">\n\t\t\t\t\t\n<div class=\"wpcf7 no-js\" id=\"wpcf7-f1319-o1\" lang=\"en-US\" dir=\"ltr\" data-wpcf7-id=\"1319\">\n<div class=\"screen-reader-response\"><p role=\"status\" aria-live=\"polite\" aria-atomic=\"true\"><\/p> <ul><\/ul><\/div>\n<form action=\"\/pl\/wp-json\/wp\/v2\/pages\/1351#wpcf7-f1319-o1\" method=\"post\" class=\"wpcf7-form init\" aria-label=\"Contact form\" novalidate=\"novalidate\" data-status=\"init\" data-trp-original-action=\"\/pl\/wp-json\/wp\/v2\/pages\/1351#wpcf7-f1319-o1\">\n<fieldset class=\"hidden-fields-container\"><input type=\"hidden\" name=\"_wpcf7\" value=\"1319\" \/><input type=\"hidden\" name=\"_wpcf7_version\" value=\"6.1.5\" \/><input type=\"hidden\" name=\"_wpcf7_locale\" value=\"en_US\" \/><input type=\"hidden\" name=\"_wpcf7_unit_tag\" value=\"wpcf7-f1319-o1\" \/><input type=\"hidden\" name=\"_wpcf7_container_post\" value=\"0\" \/><input type=\"hidden\" name=\"_wpcf7_posted_data_hash\" value=\"\" \/>\n<\/fieldset>\n<div class=\"row\">\n\t<div class=\"col-md-12\">\n\t\t<div class=\"mb-4\">\n\t\t\t<p><label>Imi\u0119 i nazwisko*<\/label><span class=\"wpcf7-form-control-wrap\" data-name=\"text-437\"><input size=\"40\" maxlength=\"400\" class=\"wpcf7-form-control wpcf7-text wpcf7-validates-as-required\" id=\"form-name-2\" aria-required=\"true\" aria-invalid=\"false\" value=\"\" type=\"text\" name=\"text-437\" \/><\/span>\n\t\t\t<\/p>\n\t\t<\/div>\n\t\t<div class=\"mb-4\">\n\t\t\t<p><label>Adres e-mail*<\/label><span class=\"wpcf7-form-control-wrap\" data-name=\"email-1057\"><input size=\"40\" maxlength=\"400\" class=\"wpcf7-form-control wpcf7-email wpcf7-validates-as-required wpcf7-text wpcf7-validates-as-email\" id=\"form-email-2\" aria-required=\"true\" aria-invalid=\"false\" value=\"\" type=\"email\" name=\"email-1057\" \/><\/span>\n\t\t\t<\/p>\n\t\t<\/div>\n\t\t<div class=\"mb-4\">\n\t\t\t<p><label>Wiadomo\u015b\u0107*<\/label><span class=\"wpcf7-form-control-wrap\" data-name=\"textarea-485\"><textarea cols=\"40\" rows=\"10\" maxlength=\"2000\" class=\"wpcf7-form-control wpcf7-textarea wpcf7-validates-as-required\" id=\"form-message-2\" aria-required=\"true\" aria-invalid=\"false\" name=\"textarea-485\"><\/textarea><\/span>\n\t\t\t<\/p>\n\t\t<\/div>\n\t\t<div class=\"mb-4\">\n\t\t\t<p><span class=\"wpcf7-form-control-wrap\" data-name=\"acceptance-119\"><span class=\"wpcf7-form-control wpcf7-acceptance optional\"><span class=\"wpcf7-list-item\"><label><input type=\"checkbox\" name=\"acceptance-119\" value=\"1\" aria-invalid=\"false\" \/><span class=\"wpcf7-list-item-label\">Zaakceptuj nasz\u0105 polityk\u0119 prywatno\u015bci <a href=\"\/pl\/privacy-policy\/\">Polityka prywatno\u015bci<\/a><\/span><\/label><\/span><\/span><\/span>\n\t\t\t<\/p>\n\t\t<\/div>\n\t<\/div>\n<\/div>\n<p><input class=\"wpcf7-form-control wpcf7-submit has-spinner\" type=\"submit\" value=\"Wy\u015blij\" \/>\n<\/p><div class=\"wpcf7-response-output\" aria-hidden=\"true\"><\/div>\n<input type=\"hidden\" name=\"trp-form-language\" value=\"pl\"\/><\/form>\n<\/div>\n\t\t\t\t<\/div>\n\t\t\t\t<\/div>\n\t\t\t\t\t<\/div>\n\t\t<\/div>\n\t\t\t\t\t<\/div>\n\t\t<\/section>\n\t\t\t\t<\/div>\n\t\t<div class=\"gsp_post_data\" \r\n\t            data-post_type=\"page\" \r\n\t            data-cat=\"\" \r\n\t            data-modified=\"120\"\r\n\t            data-created=\"1566787614\"\r\n\t            data-title=\"Contact Us\" \r\n\t            data-home=\"https:\/\/pointsofconnection.prismsmalta.com\/pl\"><\/div>","protected":false},"excerpt":{"rendered":"<p>Get in Touch Visit Us Prisms, 12, G.Licari Street, Birkirkara, Malta Mail us info@prismsmalta.com Call us +356 21449875 Visit our website https:\/\/www.prismsmalta.com\/ Send us a message Required fields are marked * Name * Email Address * Message * Accept our Privacy Policy<\/p>","protected":false},"author":1,"featured_media":0,"parent":0,"menu_order":0,"comment_status":"closed","ping_status":"closed","template":"page-elementor.php","meta":{"give_campaign_id":0,"inline_featured_image":false,"_monsterinsights_skip_tracking":false,"_monsterinsights_sitenote_active":false,"_monsterinsights_sitenote_note":"","_monsterinsights_sitenote_category":0,"footnotes":""},"class_list":["post-1351","page","type-page","status-publish","hentry"],"campaignId":"","_links":{"self":[{"href":"https:\/\/pointsofconnection.prismsmalta.com\/pl\/wp-json\/wp\/v2\/pages\/1351","targetHints":{"allow":["GET"]}}],"collection":[{"href":"https:\/\/pointsofconnection.prismsmalta.com\/pl\/wp-json\/wp\/v2\/pages"}],"about":[{"href":"https:\/\/pointsofconnection.prismsmalta.com\/pl\/wp-json\/wp\/v2\/types\/page"}],"author":[{"embeddable":true,"href":"https:\/\/pointsofconnection.prismsmalta.com\/pl\/wp-json\/wp\/v2\/users\/1"}],"replies":[{"embeddable":true,"href":"https:\/\/pointsofconnection.prismsmalta.com\/pl\/wp-json\/wp\/v2\/comments?post=1351"}],"version-history":[{"count":54,"href":"https:\/\/pointsofconnection.prismsmalta.com\/pl\/wp-json\/wp\/v2\/pages\/1351\/revisions"}],"predecessor-version":[{"id":9136,"href":"https:\/\/pointsofconnection.prismsmalta.com\/pl\/wp-json\/wp\/v2\/pages\/1351\/revisions\/9136"}],"wp:attachment":[{"href":"https:\/\/pointsofconnection.prismsmalta.com\/pl\/wp-json\/wp\/v2\/media?parent=1351"}],"curies":[{"name":"wp","href":"https:\/\/api.w.org\/{rel}","templated":true}]}}