{"id":9255,"date":"2024-05-22T20:39:38","date_gmt":"2024-05-22T20:39:38","guid":{"rendered":"https:\/\/pointsofconnection.prismsmalta.com\/partner-associacao-portuguesa-copy\/"},"modified":"2024-06-16T12:57:01","modified_gmt":"2024-06-16T12:57:01","slug":"partner-autisme-europe","status":"publish","type":"page","link":"https:\/\/pointsofconnection.prismsmalta.com\/mt\/partner-autisme-europe\/","title":{"rendered":"Autisme Europe"},"content":{"rendered":"<div data-elementor-type=\"wp-post\" data-elementor-id=\"9255\" class=\"elementor elementor-9255\">\n\t\t\t\t\t\t<section class=\"elementor-section elementor-top-section elementor-element elementor-element-2589f6c elementor-section-stretched elementor-section-boxed elementor-section-height-default elementor-section-height-default\" data-id=\"2589f6c\" data-element_type=\"section\" data-e-type=\"section\" data-settings=\"{&quot;stretch_section&quot;:&quot;section-stretched&quot;,&quot;background_background&quot;:&quot;classic&quot;}\">\n\t\t\t\t\t\t<div class=\"elementor-container elementor-column-gap-no\">\n\t\t\t\t\t<div class=\"elementor-column elementor-col-100 elementor-top-column elementor-element elementor-element-3f5f185\" data-id=\"3f5f185\" data-element_type=\"column\" data-e-type=\"column\">\n\t\t\t<div class=\"elementor-widget-wrap elementor-element-populated\">\n\t\t\t\t\t\t<div class=\"elementor-element elementor-element-4aa685b elementor-align-center elementor-widget elementor-widget-heading\" data-id=\"4aa685b\" data-element_type=\"widget\" data-e-type=\"widget\" data-widget_type=\"heading.default\">\n\t\t\t\t<div class=\"elementor-widget-container\">\n\t\t\t\t\t<h2 class=\"elementor-heading-title elementor-size-default\">PARTNER<\/h2>\t\t\t\t<\/div>\n\t\t\t\t<\/div>\n\t\t\t\t<div class=\"elementor-element elementor-element-7c604b8 elementor-widget__width-initial elementor-widget-mobile__width-initial elementor-widget elementor-widget-text-editor\" data-id=\"7c604b8\" data-element_type=\"widget\" data-e-type=\"widget\" data-widget_type=\"text-editor.default\">\n\t\t\t\t<div class=\"elementor-widget-container\">\n\t\t\t\t\t        <div class=\"elementor-text-editor elementor-clearfix\"><p>Autism-Europe (AE) hija asso\u010bjazzjoni internazzjonali stabbilita fl-1983 u rikonoxxuta ta\u0127t il-li\u0121i Bel\u0121ika. AE hija komposta minn madwar 90 asso\u010bjazzjoni membru f'38 pajji\u017c (inklu\u017ci 26 stat membru) u tippre\u017centa stima ta' 7 miljun persuna b\u2019awti\u017cmu u familji tag\u0127hom madwar l-Ewropa. AE hija rikonoxxuta mill-istituzzjonijiet Ewropej b\u0127ala netwerk rappre\u017centattiv li jirrappre\u017centa lill-persuni bl-awti\u017cmu u l-familji tag\u0127hom fl-Ewropa. Il-\u0127idma ta' AE hija mibnija fuq il-prin\u010bipji ta' l-Konvenzjoni tal-United Nations\u2019 dwar id-Drittijiet ta' Persuni b'Di\u017cabbilta (UN CRPD).\u00a0<\/p><p>L-o\u0121\u0121ettivi ewlenin ta\u2019 AE huma li:\u00a0<\/p><ul><li>Ji\u017cguraw l-implimentazzjoni s\u0127i\u0127a u r-rispett g\u0127ad-drittijiet u l-parte\u010bipazzjoni effettiva tan-nies b\u2019di\u017cabilit\u00e0;<\/li><li>Jippromwovu metodu ibba\u017cat fuq id-drittijiet u l-evidenza g\u0127all-awti\u017cmu billi ja\u0127dmu flimkien ma\u2019 nies b\u2019awti\u017cmu, il-familji tag\u0127hom, il-professjonisti u dawk li jie\u0127du d-de\u010bi\u017cjonijiet;\u00a0<\/li><li>Jinkora\u0121\u0121ixxu r-ri\u010berka fuq l-awti\u017cmu, studji tal-prevalenza u skambju ta\u2019 l-a\u0127jar prattiki u interventi bba\u017cati fuq l-evidenza g\u0127at-tfal b\u2019awti\u017cmu, kif ukoll servizzi ta\u2019 appo\u0121\u0121 u habilitazzjoni g\u0127all-adulti;<br \/>practices and evidencebased interventions for children with autism, as well as support and habilitation services for adults;\u00a0<\/li><\/ul><p>AE ja\u0127dmu mal-membri tag\u0127hom biex:\u00a0\u00a0<\/p><ul><li>Ja\u0127dmu g\u0127ad-drittijiet tan-nies b\u2019awti\u017cmu quddiem l-istituzzjonijiet Ewropej;\u00a0<\/li><li>Jissorveljaw il-le\u0121i\u017clazzjonijiet u l-politiki Ewropej;\u00a0<\/li><li>Jippromwovu l-implimentazzjoni s\u0127i\u0127a tal-UN CRPD, inklu\u017c a\u010b\u010bess g\u0127all-edukazzjoni, ta\u0127ri\u0121 u impjieg, g\u0127ajxien indipendenti, servizzi medi\u010bi u so\u010bjali a\u010b\u010bessibbli, dijanjosi professjonali, intervent bikri, protezzjoni mid-diskriminazzjoni u aktar inklu\u017cjoni so\u010bjali;\u00a0<\/li><li>Jippromwovu l-iskambju ta\u2019 informazzjoni, prattiki tajbin u esperjenzi fil-qasam tal-awti\u017cmu;\u00a0\u00a0<\/li><\/ul><p><strong>Jippromwovu l-g\u0127arfien dwar l-awti\u017cmu.<\/strong><\/p><\/div>\n        \t\t\t\t<\/div>\n\t\t\t\t<\/div>\n\t\t\t\t\t<\/div>\n\t\t<\/div>\n\t\t\t\t\t<\/div>\n\t\t<\/section>\n\t\t<div class=\"elementor-element elementor-element-1aeb54f e-grid e-con-boxed e-con e-parent\" data-id=\"1aeb54f\" data-element_type=\"container\" data-e-type=\"container\">\n\t\t\t\t\t<div class=\"e-con-inner\">\n\t\t\t\t<div class=\"elementor-element elementor-element-299a4ee elementor-widget elementor-widget-image\" data-id=\"299a4ee\" data-element_type=\"widget\" data-e-type=\"widget\" data-widget_type=\"image.default\">\n\t\t\t\t<div class=\"elementor-widget-container\">\n\t\t\t\t\t\t\t\t\t\t\t\t\t\t\t<img decoding=\"async\" width=\"365\" height=\"120\" src=\"https:\/\/pointsofconnection.prismsmalta.com\/wp-content\/uploads\/2024\/05\/AE_logo_white_background-removebg-preview.png\" class=\"attachment-full size-full wp-image-9272\" alt=\"Autism Europe Logo\" srcset=\"https:\/\/pointsofconnection.prismsmalta.com\/wp-content\/uploads\/2024\/05\/AE_logo_white_background-removebg-preview.png 365w, https:\/\/pointsofconnection.prismsmalta.com\/wp-content\/uploads\/2024\/05\/AE_logo_white_background-removebg-preview-300x99.png 300w, https:\/\/pointsofconnection.prismsmalta.com\/wp-content\/uploads\/2024\/05\/AE_logo_white_background-removebg-preview-18x6.png 18w\" sizes=\"(max-width: 365px) 100vw, 365px\" \/>\t\t\t\t\t\t\t\t\t\t\t\t\t\t\t<\/div>\n\t\t\t\t<\/div>\n\t\t\t\t<div class=\"elementor-element elementor-element-e093b86 elementor-widget elementor-widget-image\" data-id=\"e093b86\" data-element_type=\"widget\" data-e-type=\"widget\" data-widget_type=\"image.default\">\n\t\t\t\t<div class=\"elementor-widget-container\">\n\t\t\t\t\t\t\t\t\t\t\t\t\t\t\t<img fetchpriority=\"high\" decoding=\"async\" width=\"850\" height=\"580\" src=\"https:\/\/pointsofconnection.prismsmalta.com\/wp-content\/uploads\/2024\/05\/1712057380113-850x580.jpg\" class=\"attachment-gainlove-featured-image-large size-gainlove-featured-image-large wp-image-9288\" alt=\"Autism Europe Photo\" \/>\t\t\t\t\t\t\t\t\t\t\t\t\t\t\t<\/div>\n\t\t\t\t<\/div>\n\t\t\t\t\t<\/div>\n\t\t\t\t<\/div>\n\t\t\t\t<section class=\"elementor-section elementor-top-section elementor-element elementor-element-ba5bcb9 elementor-section-stretched elementor-section-boxed elementor-section-height-default elementor-section-height-default\" data-id=\"ba5bcb9\" data-element_type=\"section\" data-e-type=\"section\" data-settings=\"{&quot;stretch_section&quot;:&quot;section-stretched&quot;}\">\n\t\t\t\t\t\t<div class=\"elementor-container elementor-column-gap-no\">\n\t\t\t\t\t<div class=\"elementor-column elementor-col-100 elementor-top-column elementor-element elementor-element-9ee64b9\" data-id=\"9ee64b9\" data-element_type=\"column\" data-e-type=\"column\" data-settings=\"{&quot;background_background&quot;:&quot;classic&quot;}\">\n\t\t\t<div class=\"elementor-widget-wrap elementor-element-populated\">\n\t\t\t\t\t\t<section class=\"elementor-section elementor-inner-section elementor-element elementor-element-5cdebcf elementor-section-height-min-height elementor-section-content-middle elementor-section-boxed elementor-section-height-default\" data-id=\"5cdebcf\" data-element_type=\"section\" data-e-type=\"section\">\n\t\t\t\t\t\t<div class=\"elementor-container elementor-column-gap-no\">\n\t\t\t\t\t<div class=\"elementor-column elementor-col-50 elementor-inner-column elementor-element elementor-element-383e2ff\" data-id=\"383e2ff\" data-element_type=\"column\" data-e-type=\"column\">\n\t\t\t<div class=\"elementor-widget-wrap elementor-element-populated\">\n\t\t\t\t\t\t<div class=\"elementor-element elementor-element-f981ed3 elementor-align-left elementor-tablet-align-center elementor-widget elementor-widget-heading\" data-id=\"f981ed3\" data-element_type=\"widget\" data-e-type=\"widget\" data-widget_type=\"heading.default\">\n\t\t\t\t<div class=\"elementor-widget-container\">\n\t\t\t\t\t<h2 class=\"elementor-heading-title elementor-size-default\">\u201cL-aktar \u0127a\u0121a important fil-kommunikazzjoni hija li tisma\u2019 dak li mhux jing\u0127ad.\u201d Peter Drucker\n<\/h2>\t\t\t\t<\/div>\n\t\t\t\t<\/div>\n\t\t\t\t\t<\/div>\n\t\t<\/div>\n\t\t\t\t<div class=\"elementor-column elementor-col-50 elementor-inner-column elementor-element elementor-element-03a8a18\" data-id=\"03a8a18\" data-element_type=\"column\" data-e-type=\"column\">\n\t\t\t<div class=\"elementor-widget-wrap elementor-element-populated\">\n\t\t\t\t\t\t<div class=\"elementor-element elementor-element-14b3a30 elementor-align-right elementor-tablet-align-center elementor-mobile-align-center elementor-widget-mobile__width-auto elementor-button-primary elementor-widget elementor-widget-button\" data-id=\"14b3a30\" data-element_type=\"widget\" data-e-type=\"widget\" data-widget_type=\"button.default\">\n\t\t\t\t<div class=\"elementor-widget-container\">\n\t\t\t\t\t        <div class=\"elementor-button-wrapper\">\n            <a href=\"https:\/\/pointsofconnection.prismsmalta.com\/mt\/contact-us\/\" class=\"elementor-button-link elementor-button elementor-size-lg\" role=\"button\">\n                        <span class=\"elementor-button-content-wrapper\">\n\t\t\t                <span class=\"elementor-button-icon elementor-align-icon-left\">\n\t\t\t\t<i class=\"fa fa-arrow-circle-o-right\" aria-hidden=\"true\"><\/i>\n\t\t\t<\/span>\n                        <span class=\"elementor-button-text\">Ikkuntatjana<\/span>\n\t\t<\/span>\n\n\n                <\/a>\n        <\/div>\n        \t\t\t\t<\/div>\n\t\t\t\t<\/div>\n\t\t\t\t\t<\/div>\n\t\t<\/div>\n\t\t\t\t\t<\/div>\n\t\t<\/section>\n\t\t\t\t\t<\/div>\n\t\t<\/div>\n\t\t\t\t\t<\/div>\n\t\t<\/section>\n\t\t\t\t<\/div>\n\t\t<div class=\"gsp_post_data\" \r\n\t            data-post_type=\"page\" \r\n\t            data-cat=\"\" \r\n\t            data-modified=\"120\"\r\n\t            data-created=\"1716410378\"\r\n\t            data-title=\"Autisme Europe\" \r\n\t            data-home=\"https:\/\/pointsofconnection.prismsmalta.com\/mt\"><\/div>","protected":false},"excerpt":{"rendered":"<p>PARTNER Autism-Europe (AE) is an international non-profit association established in 1983 and recognised under Belgian law. AE is comprised of almost 90 member associations in 38 countries (including 26 member states) and represents an estimated 7 million autistic people and their families throughout Europe. Self- advocates and families play a central role in the organisation. [&hellip;]<\/p>\n","protected":false},"author":1,"featured_media":0,"parent":0,"menu_order":0,"comment_status":"closed","ping_status":"closed","template":"page-elementor.php","meta":{"give_campaign_id":0,"inline_featured_image":false,"_monsterinsights_skip_tracking":false,"_monsterinsights_sitenote_active":false,"_monsterinsights_sitenote_note":"","_monsterinsights_sitenote_category":0,"footnotes":""},"class_list":["post-9255","page","type-page","status-publish","hentry"],"campaignId":"","_links":{"self":[{"href":"https:\/\/pointsofconnection.prismsmalta.com\/mt\/wp-json\/wp\/v2\/pages\/9255","targetHints":{"allow":["GET"]}}],"collection":[{"href":"https:\/\/pointsofconnection.prismsmalta.com\/mt\/wp-json\/wp\/v2\/pages"}],"about":[{"href":"https:\/\/pointsofconnection.prismsmalta.com\/mt\/wp-json\/wp\/v2\/types\/page"}],"author":[{"embeddable":true,"href":"https:\/\/pointsofconnection.prismsmalta.com\/mt\/wp-json\/wp\/v2\/users\/1"}],"replies":[{"embeddable":true,"href":"https:\/\/pointsofconnection.prismsmalta.com\/mt\/wp-json\/wp\/v2\/comments?post=9255"}],"version-history":[{"count":19,"href":"https:\/\/pointsofconnection.prismsmalta.com\/mt\/wp-json\/wp\/v2\/pages\/9255\/revisions"}],"predecessor-version":[{"id":9350,"href":"https:\/\/pointsofconnection.prismsmalta.com\/mt\/wp-json\/wp\/v2\/pages\/9255\/revisions\/9350"}],"wp:attachment":[{"href":"https:\/\/pointsofconnection.prismsmalta.com\/mt\/wp-json\/wp\/v2\/media?parent=9255"}],"curies":[{"name":"wp","href":"https:\/\/api.w.org\/{rel}","templated":true}]}}