{"id":9185,"date":"2024-05-01T15:42:18","date_gmt":"2024-05-01T15:42:18","guid":{"rendered":"https:\/\/pointsofconnection.prismsmalta.com\/partner-prisms-copy\/"},"modified":"2024-06-16T12:57:44","modified_gmt":"2024-06-16T12:57:44","slug":"partner-ploes","status":"publish","type":"page","link":"https:\/\/pointsofconnection.prismsmalta.com\/mt\/partner-ploes\/","title":{"rendered":"PLOES"},"content":{"rendered":"<div data-elementor-type=\"wp-post\" data-elementor-id=\"9185\" class=\"elementor elementor-9185\">\n\t\t\t\t\t\t<section class=\"elementor-section elementor-top-section elementor-element elementor-element-2589f6c elementor-section-stretched elementor-section-boxed elementor-section-height-default elementor-section-height-default\" data-id=\"2589f6c\" data-element_type=\"section\" data-e-type=\"section\" data-settings=\"{&quot;stretch_section&quot;:&quot;section-stretched&quot;,&quot;background_background&quot;:&quot;classic&quot;}\">\n\t\t\t\t\t\t<div class=\"elementor-container elementor-column-gap-no\">\n\t\t\t\t\t<div class=\"elementor-column elementor-col-100 elementor-top-column elementor-element elementor-element-3f5f185\" data-id=\"3f5f185\" data-element_type=\"column\" data-e-type=\"column\">\n\t\t\t<div class=\"elementor-widget-wrap elementor-element-populated\">\n\t\t\t\t\t\t<div class=\"elementor-element elementor-element-4aa685b elementor-align-center elementor-widget elementor-widget-heading\" data-id=\"4aa685b\" data-element_type=\"widget\" data-e-type=\"widget\" data-widget_type=\"heading.default\">\n\t\t\t\t<div class=\"elementor-widget-container\">\n\t\t\t\t\t<h2 class=\"elementor-heading-title elementor-size-default\"><h2 class=\"elementor-heading-title elementor-size-default elementor-inline-editing pen\" data-elementor-setting-key=\"title\" data-pen-placeholder=\"Type Here...\" style=\"letter-spacing: normal;\">PARTNER<\/h2><\/h2>\t\t\t\t<\/div>\n\t\t\t\t<\/div>\n\t\t\t\t<div class=\"elementor-element elementor-element-7c604b8 elementor-widget__width-initial elementor-widget-mobile__width-initial elementor-widget elementor-widget-text-editor\" data-id=\"7c604b8\" data-element_type=\"widget\" data-e-type=\"widget\" data-widget_type=\"text-editor.default\">\n\t\t\t\t<div class=\"elementor-widget-container\">\n\t\t\t\t\t        <div class=\"elementor-text-editor elementor-clearfix\"><p class=\"translation-block\">\u201cPloes\u201d E.Psy.Me. (Organizzazzjoni ta\u2019 Ri\u010berka Psiko-So\u010bjali) hija Organizzazzjoni Non-Governattiva, imwaqqfa fl-1998, minn professjonisti fis-sa\u0127\u0127a mentali minn setturi xjentifi\u010bi differenti u oqsma ta\u2019 ta\u0127ri\u0121. G\u0127andna aktar minn 100 persuna huma impjegati f\u2019kull wie\u0127ed mill-pro\u0121etti tag\u0127ha. Profesjonisti fis-sa\u0127\u0127a mentali, \u0127addiema so\u010bjali, terapisti okkupazzjonali u speech therapists, professjonisti fl-edukazzjoni spe\u010bjali, psikjatri tat-tfal, psikologi, huma kollha ta\u0127t l-umbrella ta\u2019 \u201cPloes\u201d E.Psy.Me. Il-pro\u0121etti u s-servizzi kontinwi huma indirizzati lil \u010bittadini affettwati minn awti\u017cmu, di\u017cabilitajiet mentali u psikjatri\u010bi, fl-ambjent urban ta\u2019 Pirew u s-subborgi tal-madwar, (re\u0121jun ta\u2019 Attika).<\/p><p>\u201cPloes\u201d E.Psy.Me. hija impenjata biex tikkumbatti l-esklu\u017cjoni so\u010bjali billi ttejjeb il-benessri so\u010bjali u mentali tal-utenti tas-servizzi. Is-servizzi tag\u0127na huma bba\u017cati fuq il-prin\u010bipji tal-psikjatrija so\u010bjali, li jikkunsidraw id-di\u017cabilitajiet mentali b\u0127ala fenomenu ta\u2019 fatturi multipli u kumplessi. Hija l-fidi soda tag\u0127na li l-konsegwenzi negattivi kurrenti u futuri jistg\u0127u ji\u0121u limitati billi nu\u017caw metodi xjentifi\u010bi kostanti, xierqa u effettivi ta\u2019 prevenzjoni u intervent. Il-prin\u010bipji fundamentali ta\u2019 kull servizz u pjan ta\u2019 azzjoni tag\u0127na jo\u0127or\u0121u minn dan l-appro\u010b\u010b.<\/p><p>Il-fa\u010bilitajiet ta\u2019 \u201cPloes\u201d E.Psy.Me. jinkludu:<\/p><ul><li>\u010aentru ta\u2019 kura matul il-\u0121urnata g\u0127at-tfal bl-awti\u017cmu.<\/li><li>\u010aentru Spe\u010bjalizzat ta\u2019 Ta\u0127ri\u0121 Professjonali g\u0127al persuni adulti b\u2019di\u017cabilit\u00e0.<\/li><li>Units Dijanjosti\u010bi u Terapewti\u010bi g\u0127all-prevenzjoni u r-riabilitazzjoni psikoso\u010bjali tat-tfal u l-popolazzjoni adulta.<\/li><li>\u201cSchedia\u201d Social Club g\u0127all-persuni b\u2019di\u017cabilitajiet intellettwali.<\/li><li>Ta\u0127ri\u0121 Vokazzjonali fis-Sa\u0127\u0127a Mentali \u201cKatarti\u201d, joffri korsijiet ta\u2019 ta\u0127ri\u0121 u seminars f\u2019oqsma dedikati tas-servizzi tas-sa\u0127\u0127a mentali minn trainers \u010bertifikati, kemm g\u0127al professjonisti, il-popolazzjoni \u0121enerali kif ukoll g\u0127al dawk b\u2019\u0127ti\u0121ijiet spe\u010bjali.<\/li><li class=\"translation-block\">\u010aentru ta\u2019 matul il-\u0121urnata g\u0127al \u017cg\u0127a\u017cag\u0127 u adulti bl-awti\u017cmu.<\/li><li>Dar residenzjali \u201cOstria\u201d g\u0127al adulti b\u2019di\u017cabilitajiet ta\u2019 \u017cvilupp u intellettwali.<\/li><li>Dar tal-mistednin g\u0127al adolexxenti b\u2019diffikultajiet psikosozjali.<\/li><li>Ri\u010berka, \u017bvilupp; Dipartiment tal-Pro\u0121etti Ewropej.<\/li><\/ul><\/div>\n        \t\t\t\t<\/div>\n\t\t\t\t<\/div>\n\t\t\t\t\t<\/div>\n\t\t<\/div>\n\t\t\t\t\t<\/div>\n\t\t<\/section>\n\t\t<div class=\"elementor-element elementor-element-1aeb54f e-grid e-con-boxed e-con e-parent\" data-id=\"1aeb54f\" data-element_type=\"container\" data-e-type=\"container\">\n\t\t\t\t\t<div class=\"e-con-inner\">\n\t\t\t\t<div class=\"elementor-element elementor-element-e6973f5 elementor-widget elementor-widget-image\" data-id=\"e6973f5\" data-element_type=\"widget\" data-e-type=\"widget\" data-widget_type=\"image.default\">\n\t\t\t\t<div class=\"elementor-widget-container\">\n\t\t\t\t\t\t\t\t\t\t\t\t\t\t\t<img fetchpriority=\"high\" decoding=\"async\" width=\"300\" height=\"300\" src=\"https:\/\/pointsofconnection.prismsmalta.com\/wp-content\/uploads\/2024\/05\/PLOES_EN_LOGO-with-slogan-300x300.png\" class=\"attachment-medium size-medium wp-image-9215\" alt=\"Ploes Logo\" srcset=\"https:\/\/pointsofconnection.prismsmalta.com\/wp-content\/uploads\/2024\/05\/PLOES_EN_LOGO-with-slogan-300x300.png 300w, https:\/\/pointsofconnection.prismsmalta.com\/wp-content\/uploads\/2024\/05\/PLOES_EN_LOGO-with-slogan-1024x1024.png 1024w, https:\/\/pointsofconnection.prismsmalta.com\/wp-content\/uploads\/2024\/05\/PLOES_EN_LOGO-with-slogan-150x150.png 150w, https:\/\/pointsofconnection.prismsmalta.com\/wp-content\/uploads\/2024\/05\/PLOES_EN_LOGO-with-slogan-768x768.png 768w, https:\/\/pointsofconnection.prismsmalta.com\/wp-content\/uploads\/2024\/05\/PLOES_EN_LOGO-with-slogan-12x12.png 12w, https:\/\/pointsofconnection.prismsmalta.com\/wp-content\/uploads\/2024\/05\/PLOES_EN_LOGO-with-slogan-400x400.png 400w, https:\/\/pointsofconnection.prismsmalta.com\/wp-content\/uploads\/2024\/05\/PLOES_EN_LOGO-with-slogan-160x160.png 160w, https:\/\/pointsofconnection.prismsmalta.com\/wp-content\/uploads\/2024\/05\/PLOES_EN_LOGO-with-slogan-100x100.png 100w, https:\/\/pointsofconnection.prismsmalta.com\/wp-content\/uploads\/2024\/05\/PLOES_EN_LOGO-with-slogan.png 1181w\" sizes=\"(max-width: 300px) 100vw, 300px\" \/>\t\t\t\t\t\t\t\t\t\t\t\t\t\t\t<\/div>\n\t\t\t\t<\/div>\n\t\t\t\t<div class=\"elementor-element elementor-element-e093b86 elementor-widget elementor-widget-image\" data-id=\"e093b86\" data-element_type=\"widget\" data-e-type=\"widget\" data-widget_type=\"image.default\">\n\t\t\t\t<div class=\"elementor-widget-container\">\n\t\t\t\t\t\t\t\t\t\t\t\t\t\t\t<img decoding=\"async\" width=\"850\" height=\"580\" src=\"https:\/\/pointsofconnection.prismsmalta.com\/wp-content\/uploads\/2024\/05\/IMG_20240525_130219-850x580.jpg\" class=\"attachment-gainlove-featured-image-large size-gainlove-featured-image-large wp-image-9284\" alt=\"Ploes Photo\" srcset=\"https:\/\/pointsofconnection.prismsmalta.com\/wp-content\/uploads\/2024\/05\/IMG_20240525_130219-850x580.jpg 850w, https:\/\/pointsofconnection.prismsmalta.com\/wp-content\/uploads\/2024\/05\/IMG_20240525_130219-18x12.jpg 18w\" sizes=\"(max-width: 850px) 100vw, 850px\" \/>\t\t\t\t\t\t\t\t\t\t\t\t\t\t\t<\/div>\n\t\t\t\t<\/div>\n\t\t\t\t\t<\/div>\n\t\t\t\t<\/div>\n\t\t\t\t<section class=\"elementor-section elementor-top-section elementor-element elementor-element-ba5bcb9 elementor-section-stretched elementor-section-boxed elementor-section-height-default elementor-section-height-default\" data-id=\"ba5bcb9\" data-element_type=\"section\" data-e-type=\"section\" data-settings=\"{&quot;stretch_section&quot;:&quot;section-stretched&quot;}\">\n\t\t\t\t\t\t<div class=\"elementor-container elementor-column-gap-no\">\n\t\t\t\t\t<div class=\"elementor-column elementor-col-100 elementor-top-column elementor-element elementor-element-9ee64b9\" data-id=\"9ee64b9\" data-element_type=\"column\" data-e-type=\"column\" data-settings=\"{&quot;background_background&quot;:&quot;classic&quot;}\">\n\t\t\t<div class=\"elementor-widget-wrap elementor-element-populated\">\n\t\t\t\t\t\t<section class=\"elementor-section elementor-inner-section elementor-element elementor-element-5cdebcf elementor-section-height-min-height elementor-section-content-middle elementor-section-boxed elementor-section-height-default\" data-id=\"5cdebcf\" data-element_type=\"section\" data-e-type=\"section\">\n\t\t\t\t\t\t<div class=\"elementor-container elementor-column-gap-no\">\n\t\t\t\t\t<div class=\"elementor-column elementor-col-50 elementor-inner-column elementor-element elementor-element-383e2ff\" data-id=\"383e2ff\" data-element_type=\"column\" data-e-type=\"column\">\n\t\t\t<div class=\"elementor-widget-wrap elementor-element-populated\">\n\t\t\t\t\t\t<div class=\"elementor-element elementor-element-f981ed3 elementor-align-left elementor-tablet-align-center elementor-widget elementor-widget-heading\" data-id=\"f981ed3\" data-element_type=\"widget\" data-e-type=\"widget\" data-widget_type=\"heading.default\">\n\t\t\t\t<div class=\"elementor-widget-container\">\n\t\t\t\t\t<h2 class=\"elementor-heading-title elementor-size-default\">\u201cL-aktar \u0127a\u0121a important fil-kommunikazzjoni hija li tisma\u2019 dak li mhux jing\u0127ad.\u201d Peter Drucker\n<\/h2>\t\t\t\t<\/div>\n\t\t\t\t<\/div>\n\t\t\t\t\t<\/div>\n\t\t<\/div>\n\t\t\t\t<div class=\"elementor-column elementor-col-50 elementor-inner-column elementor-element elementor-element-03a8a18\" data-id=\"03a8a18\" data-element_type=\"column\" data-e-type=\"column\">\n\t\t\t<div class=\"elementor-widget-wrap elementor-element-populated\">\n\t\t\t\t\t\t<div class=\"elementor-element elementor-element-14b3a30 elementor-align-right elementor-tablet-align-center elementor-mobile-align-center elementor-widget-mobile__width-auto elementor-button-primary elementor-widget elementor-widget-button\" data-id=\"14b3a30\" data-element_type=\"widget\" data-e-type=\"widget\" data-widget_type=\"button.default\">\n\t\t\t\t<div class=\"elementor-widget-container\">\n\t\t\t\t\t        <div class=\"elementor-button-wrapper\">\n            <a href=\"https:\/\/pointsofconnection.prismsmalta.com\/mt\/contact-us\/\" class=\"elementor-button-link elementor-button elementor-size-lg\" role=\"button\">\n                        <span class=\"elementor-button-content-wrapper\">\n\t\t\t                <span class=\"elementor-button-icon elementor-align-icon-left\">\n\t\t\t\t<i class=\"fa fa-arrow-circle-o-right\" aria-hidden=\"true\"><\/i>\n\t\t\t<\/span>\n                        <span class=\"elementor-button-text\">Ikkuntatjana<\/span>\n\t\t<\/span>\n\n\n                <\/a>\n        <\/div>\n        \t\t\t\t<\/div>\n\t\t\t\t<\/div>\n\t\t\t\t\t<\/div>\n\t\t<\/div>\n\t\t\t\t\t<\/div>\n\t\t<\/section>\n\t\t\t\t\t<\/div>\n\t\t<\/div>\n\t\t\t\t\t<\/div>\n\t\t<\/section>\n\t\t\t\t<\/div>\n\t\t<div class=\"gsp_post_data\" \r\n\t            data-post_type=\"page\" \r\n\t            data-cat=\"\" \r\n\t            data-modified=\"120\"\r\n\t            data-created=\"1714578138\"\r\n\t            data-title=\"PLOES\" \r\n\t            data-home=\"https:\/\/pointsofconnection.prismsmalta.com\/mt\"><\/div>","protected":false},"excerpt":{"rendered":"<p>PARTNER &#8220;Ploes&#8221;\u00a0 E.Psy.Me . (Psycho-Social Research Organization) is a Non-Governmental Organization, founded in 1998, by mental health professionals from different scientific sectors and training fields. Now, more than 100 people are employed in all of its projects. Mental health professionals, social workers, occupational and speechtherapists, special education professionals, child psychiatrists, psychologists, are under the umbrella [&hellip;]<\/p>\n","protected":false},"author":1,"featured_media":0,"parent":0,"menu_order":0,"comment_status":"closed","ping_status":"closed","template":"page-elementor.php","meta":{"give_campaign_id":0,"inline_featured_image":false,"_monsterinsights_skip_tracking":false,"_monsterinsights_sitenote_active":false,"_monsterinsights_sitenote_note":"","_monsterinsights_sitenote_category":0,"footnotes":""},"class_list":["post-9185","page","type-page","status-publish","hentry"],"campaignId":"","_links":{"self":[{"href":"https:\/\/pointsofconnection.prismsmalta.com\/mt\/wp-json\/wp\/v2\/pages\/9185","targetHints":{"allow":["GET"]}}],"collection":[{"href":"https:\/\/pointsofconnection.prismsmalta.com\/mt\/wp-json\/wp\/v2\/pages"}],"about":[{"href":"https:\/\/pointsofconnection.prismsmalta.com\/mt\/wp-json\/wp\/v2\/types\/page"}],"author":[{"embeddable":true,"href":"https:\/\/pointsofconnection.prismsmalta.com\/mt\/wp-json\/wp\/v2\/users\/1"}],"replies":[{"embeddable":true,"href":"https:\/\/pointsofconnection.prismsmalta.com\/mt\/wp-json\/wp\/v2\/comments?post=9185"}],"version-history":[{"count":16,"href":"https:\/\/pointsofconnection.prismsmalta.com\/mt\/wp-json\/wp\/v2\/pages\/9185\/revisions"}],"predecessor-version":[{"id":9368,"href":"https:\/\/pointsofconnection.prismsmalta.com\/mt\/wp-json\/wp\/v2\/pages\/9185\/revisions\/9368"}],"wp:attachment":[{"href":"https:\/\/pointsofconnection.prismsmalta.com\/mt\/wp-json\/wp\/v2\/media?parent=9185"}],"curies":[{"name":"wp","href":"https:\/\/api.w.org\/{rel}","templated":true}]}}